{"id":13,"date":"2022-12-05T16:40:35","date_gmt":"2022-12-05T16:40:35","guid":{"rendered":"https:\/\/pavimentosps.com\/?page_id=13"},"modified":"2023-02-06T11:41:56","modified_gmt":"2023-02-06T10:41:56","slug":"parques-infantiles","status":"publish","type":"page","link":"https:\/\/pavimentosps.com\/index.php\/parques-infantiles\/","title":{"rendered":"Parques infantiles"},"content":{"rendered":"\n<p>El pavimento de caucho continuo se aplica directamente en el lugar donde debe ir instalado (\u201cin situ\u201d) por personal cualificado. La inexistencia de juntas y la variedad de colores muy vivos permiten la creaci\u00f3n de dise\u00f1os personalizados.<br>El firme debe ser estable. La inexistencia de juntas y la variedad de colores muy vivos permiten la creaci\u00f3n de dise\u00f1os personalizados.<\/p>\n\n\n\n<p><br>Es un sistema de pavimento continuo bicapa. Para su instalaci\u00f3n se aplica una capa de caucho SBR y resina, que sirve como base. El acabado se realiza mediante una capa final de EPDM o SBR (y resina), la cual contendr\u00e1 las caracter\u00edsticas est\u00e9ticas como el color.<\/p>\n\n\n\n<p><br>Estos suelos de seguridad son usados para parques infantiles, restaurantes, hospitales, pistas deportivas, alcorques, etc.<\/p>\n\n\n\n<p><br>Los suelos de caucho continuo son antideslizantes, resistentes a la intemperie, drenantes, amortiguadores, aislantes t\u00e9rmicos y ac\u00fasticos, y est\u00e1n homologados seg\u00fan la normativa UNE-1177.<\/p>\n\n\n\n<p><a href=\"https:\/\/pavimentosps.com\/index.php\/caucho-continuo\/\">Caucho continuo<\/a><\/p>\n\n\n\n<p><a href=\"https:\/\/pavimentosps.com\/index.php\/alcorques\/\">Alcorques<\/a><\/p>\n\n\n\n<p><a href=\"https:\/\/pavimentosps.com\/index.php\/pistas-deportivas\/\">Pistas deportivas<\/a><\/p>\n","protected":false},"excerpt":{"rendered":"<p>El pavimento de caucho continuo se aplica directamente en el lugar donde debe ir instalado (\u201cin situ\u201d) por personal cualificado. La inexistencia de juntas y la variedad de colores muy &#8230;<\/p>\n","protected":false},"author":1,"featured_media":0,"parent":0,"menu_order":0,"comment_status":"closed","ping_status":"closed","template":"template-fullwidth.php","meta":{"_joinchat":[],"footnotes":""},"class_list":["post-13","page","type-page","status-publish","hentry"],"_links":{"self":[{"href":"https:\/\/pavimentosps.com\/index.php\/wp-json\/wp\/v2\/pages\/13","targetHints":{"allow":["GET"]}}],"collection":[{"href":"https:\/\/pavimentosps.com\/index.php\/wp-json\/wp\/v2\/pages"}],"about":[{"href":"https:\/\/pavimentosps.com\/index.php\/wp-json\/wp\/v2\/types\/page"}],"author":[{"embeddable":true,"href":"https:\/\/pavimentosps.com\/index.php\/wp-json\/wp\/v2\/users\/1"}],"replies":[{"embeddable":true,"href":"https:\/\/pavimentosps.com\/index.php\/wp-json\/wp\/v2\/comments?post=13"}],"version-history":[{"count":3,"href":"https:\/\/pavimentosps.com\/index.php\/wp-json\/wp\/v2\/pages\/13\/revisions"}],"predecessor-version":[{"id":1619,"href":"https:\/\/pavimentosps.com\/index.php\/wp-json\/wp\/v2\/pages\/13\/revisions\/1619"}],"wp:attachment":[{"href":"https:\/\/pavimentosps.com\/index.php\/wp-json\/wp\/v2\/media?parent=13"}],"curies":[{"name":"wp","href":"https:\/\/api.w.org\/{rel}","templated":true}]}}