{"id":1453,"date":"2022-12-16T12:12:19","date_gmt":"2022-12-16T12:12:19","guid":{"rendered":"https:\/\/pavimentosps.com\/?page_id=1453"},"modified":"2023-02-06T12:46:29","modified_gmt":"2023-02-06T11:46:29","slug":"revestimientos","status":"publish","type":"page","link":"https:\/\/pavimentosps.com\/index.php\/revestimientos\/","title":{"rendered":"Revestimientos"},"content":{"rendered":"\n<p>El mortero monocapa es un revestimiento de altas prestaciones para la impermeabilizaci\u00f3n y decoraci\u00f3n de todo tipo de exteriores e interiores, muros y techos.<\/p>\n\n\n\n<p>Se aplica un producto a base de cemento de alta resistencia, \u00e1ridos seleccionados, aditivos especiales, pigmentos y resinas sint\u00e9ticas.<\/p>\n\n\n\n<p>Gran variedad de acabados.<\/p>\n\n\n\n<p><strong>CARACTER\u00cdSTICAS Y APLICACIONES<\/strong><\/p>\n\n\n\n<ul class=\"wp-block-list\">\n<li>Aplicaci\u00f3n directa a la pared de cerramiento sin necesidad de enfoscar.<\/li>\n\n\n\n<li>Aplicaci\u00f3n en interiores y exteriores.<\/li>\n\n\n\n<li>Revestimiento impermeable.<\/li>\n\n\n\n<li>Permeable al vapor de agua, permitiendo que el soporte respire.<\/li>\n\n\n\n<li>No cuartea.<\/li>\n\n\n\n<li>Inalterable a la intemperie.<\/li>\n\n\n\n<li>Evita la pintura. Termina la fachada con un acabado decorativo en una sola operaci\u00f3n.<\/li>\n\n\n\n<li>Acabado Con proyecci\u00f3n de \u00e1rido.<\/li>\n<\/ul>\n\n\n\n<p><strong>SOPORTES<\/strong><\/p>\n\n\n\n<ul class=\"wp-block-list\">\n<li>Soportes convencionales a base de cemento y f\u00e1brica de ladrillo.<\/li>\n\n\n\n<li>Los soportes deben ser resistentes, estables, sanos y estar limpios, exentos de polvo, restos de desencofrante, productos org\u00e1nicos, etc.<\/li>\n\n\n\n<li>En caso de calor, viento o sobre soportes muy absorbentes, conviene humedecer el soporte y esperar a la desaparici\u00f3n de la pel\u00edcula de agua.<\/li>\n\n\n\n<li>En puntos singulares (uniones entre materiales distintos, forjados, pilares, cajas de persiana, \u00e1ngulos de los marcos de puertas y ventanas, etc) armar el mortero con malla de fibra de vidrio para evitar fisuraciones.<\/li>\n\n\n\n<li>Sobre soportes poco porosos, aplicar una imprimaci\u00f3n o mejorar la rugosidad por medios mec\u00e1nicos.<\/li>\n\n\n\n<li>No aplicar sobre yesos o pinturas.<\/li>\n<\/ul>\n\n\n\n<p><strong>ACABADOS<\/strong><\/p>\n\n\n\n<p>Acabado gravado o texturado<\/p>\n\n\n\n<p>Ya colocado el mortero en el soporte, y cuando \u00e9ste posea la consistencia adecuada, se aplica un molde grabado con la textura como plantilla, dejando las marcas de las texturas sobre el soporte.<\/p>\n\n\n\n<p>Acabado raspado<\/p>\n\n\n\n<p>Una vez aplicado, el material se deja endurecer parcialmente de 4 a 15 horas, seg\u00fan sea el tipo de soporte y las condiciones ambientales. A continuaci\u00f3n se raspa superficialmente con una herramienta adecuada (llana de p\u00faas, hoja de sierra, etc). Finalmente, al d\u00eda siguiente, se cepilla la superficie con un cepillo de cerdas blandas para eliminar las part\u00edculas que han quedado sueltas.<\/p>\n\n\n\n<p>Acabado fratasado<\/p>\n\n\n\n<p>Fratasando el mortero parcialmente endurecido obteni\u00e9ndose una terminaci\u00f3n de colores degradados.<\/p>\n\n\n\n<figure class=\"wp-block-gallery has-nested-images columns-default is-cropped wp-block-gallery-1 is-layout-flex wp-block-gallery-is-layout-flex\">\n<figure class=\"wp-block-image size-large\"><img loading=\"lazy\" decoding=\"async\" width=\"1024\" height=\"768\" data-id=\"1655\" src=\"https:\/\/pavimentosps.com\/wp-content\/uploads\/2023\/02\/Imagen-239-1024x768.jpg\" alt=\"\" class=\"wp-image-1655\" srcset=\"https:\/\/pavimentosps.com\/wp-content\/uploads\/2023\/02\/Imagen-239-1024x768.jpg 1024w, https:\/\/pavimentosps.com\/wp-content\/uploads\/2023\/02\/Imagen-239-300x225.jpg 300w, https:\/\/pavimentosps.com\/wp-content\/uploads\/2023\/02\/Imagen-239-768x576.jpg 768w, https:\/\/pavimentosps.com\/wp-content\/uploads\/2023\/02\/Imagen-239-1536x1152.jpg 1536w, https:\/\/pavimentosps.com\/wp-content\/uploads\/2023\/02\/Imagen-239.jpg 2048w\" sizes=\"auto, (max-width: 1024px) 100vw, 1024px\" \/><\/figure>\n\n\n\n<figure class=\"wp-block-image size-large\"><img loading=\"lazy\" decoding=\"async\" width=\"1024\" height=\"768\" data-id=\"1656\" src=\"https:\/\/pavimentosps.com\/wp-content\/uploads\/2023\/02\/Imagen-248-1024x768.jpg\" alt=\"\" class=\"wp-image-1656\" srcset=\"https:\/\/pavimentosps.com\/wp-content\/uploads\/2023\/02\/Imagen-248-1024x768.jpg 1024w, https:\/\/pavimentosps.com\/wp-content\/uploads\/2023\/02\/Imagen-248-300x225.jpg 300w, https:\/\/pavimentosps.com\/wp-content\/uploads\/2023\/02\/Imagen-248-768x576.jpg 768w, https:\/\/pavimentosps.com\/wp-content\/uploads\/2023\/02\/Imagen-248-1536x1152.jpg 1536w, https:\/\/pavimentosps.com\/wp-content\/uploads\/2023\/02\/Imagen-248.jpg 2048w\" sizes=\"auto, (max-width: 1024px) 100vw, 1024px\" \/><\/figure>\n<\/figure>\n","protected":false},"excerpt":{"rendered":"<p>El mortero monocapa es un revestimiento de altas prestaciones para la impermeabilizaci\u00f3n y decoraci\u00f3n de todo tipo de exteriores e interiores, muros y techos. Se aplica un producto a base &#8230;<\/p>\n","protected":false},"author":1,"featured_media":0,"parent":0,"menu_order":0,"comment_status":"closed","ping_status":"closed","template":"template-fullwidth.php","meta":{"_joinchat":[],"footnotes":""},"class_list":["post-1453","page","type-page","status-publish","hentry"],"_links":{"self":[{"href":"https:\/\/pavimentosps.com\/index.php\/wp-json\/wp\/v2\/pages\/1453","targetHints":{"allow":["GET"]}}],"collection":[{"href":"https:\/\/pavimentosps.com\/index.php\/wp-json\/wp\/v2\/pages"}],"about":[{"href":"https:\/\/pavimentosps.com\/index.php\/wp-json\/wp\/v2\/types\/page"}],"author":[{"embeddable":true,"href":"https:\/\/pavimentosps.com\/index.php\/wp-json\/wp\/v2\/users\/1"}],"replies":[{"embeddable":true,"href":"https:\/\/pavimentosps.com\/index.php\/wp-json\/wp\/v2\/comments?post=1453"}],"version-history":[{"count":3,"href":"https:\/\/pavimentosps.com\/index.php\/wp-json\/wp\/v2\/pages\/1453\/revisions"}],"predecessor-version":[{"id":1657,"href":"https:\/\/pavimentosps.com\/index.php\/wp-json\/wp\/v2\/pages\/1453\/revisions\/1657"}],"wp:attachment":[{"href":"https:\/\/pavimentosps.com\/index.php\/wp-json\/wp\/v2\/media?parent=1453"}],"curies":[{"name":"wp","href":"https:\/\/api.w.org\/{rel}","templated":true}]}}