{"id":15,"date":"2022-12-05T16:40:47","date_gmt":"2022-12-05T16:40:47","guid":{"rendered":"https:\/\/pavimentosps.com\/?page_id=15"},"modified":"2023-02-06T12:39:59","modified_gmt":"2023-02-06T11:39:59","slug":"alcorques","status":"publish","type":"page","link":"https:\/\/pavimentosps.com\/index.php\/alcorques\/","title":{"rendered":"Alcorques"},"content":{"rendered":"\n<p>Soluci\u00f3n est\u00e9tica, respetuosa y de seguridad.<\/p>\n\n\n\n<p>El caucho continuo para relleno de alcorques es una soluci\u00f3n perfecta para evitar tropiezos y eliminara barrera arquitect\u00f3nicas.<\/p>\n\n\n\n<p>Adem\u00e1s de ser un acabado atractivo y limpio, al ser un acabado flexibles, es muy respetuoso con el medio ambiente ya que deja crecer perfectamente del \u00e1rbol,&nbsp;&nbsp;ya sea el tronco como las ra\u00edces, y al ser un acabado poroso y drenante, permite la entrada de agua.<\/p>\n\n\n\n<p>Preparado de caucho para el relleno del hueco de los \u00e1rboles compuesto por capa de SBR y posterior capa del color que se desee y resina para ligar la mezcla.&nbsp;<\/p>\n\n\n\n<p><strong>Beneficios<\/strong><\/p>\n\n\n\n<p>Eliminaci\u00f3n de barreras arquitect\u00f3nicas, se facilita la convivencia de personas discapacitadas o con movilidad reducida.<\/p>\n\n\n\n<p>Calles m\u00e1s seguras, al convertirse la v\u00eda p\u00fablica en un espacio transitable en su totalidad.<\/p>\n\n\n\n<p>Evita el crecimiento de malas hierbas.<\/p>\n\n\n\n<p>Permite el crecimiento del tronco<\/p>\n\n\n\n<p>Pavimento drenante en su totalidad.<\/p>\n\n\n\n<p>Bajo mantenimiento.<\/p>\n\n\n\n<p>Mejora considerable de la est\u00e9tica.<\/p>\n\n\n\n<p><strong>GALER\u00cdA<\/strong><\/p>\n\n\n\n<figure class=\"wp-block-image size-full\"><img loading=\"lazy\" decoding=\"async\" width=\"778\" height=\"473\" src=\"https:\/\/pavimentosps.com\/wp-content\/uploads\/2023\/02\/v1_PORTADA-BLOG-ALCORQUES.jpg\" alt=\"\" class=\"wp-image-1647\" srcset=\"https:\/\/pavimentosps.com\/wp-content\/uploads\/2023\/02\/v1_PORTADA-BLOG-ALCORQUES.jpg 778w, https:\/\/pavimentosps.com\/wp-content\/uploads\/2023\/02\/v1_PORTADA-BLOG-ALCORQUES-300x182.jpg 300w, https:\/\/pavimentosps.com\/wp-content\/uploads\/2023\/02\/v1_PORTADA-BLOG-ALCORQUES-768x467.jpg 768w\" sizes=\"auto, (max-width: 778px) 100vw, 778px\" \/><\/figure>\n\n\n\n<figure class=\"wp-block-gallery has-nested-images columns-default is-cropped wp-block-gallery-1 is-layout-flex wp-block-gallery-is-layout-flex\">\n<figure class=\"wp-block-image size-large\"><img loading=\"lazy\" decoding=\"async\" width=\"921\" height=\"649\" data-id=\"1646\" src=\"https:\/\/pavimentosps.com\/wp-content\/uploads\/2023\/02\/pavimento-de-caucho-continuo-para-alcorques-alcobendas.jpg\" alt=\"\" class=\"wp-image-1646\" srcset=\"https:\/\/pavimentosps.com\/wp-content\/uploads\/2023\/02\/pavimento-de-caucho-continuo-para-alcorques-alcobendas.jpg 921w, https:\/\/pavimentosps.com\/wp-content\/uploads\/2023\/02\/pavimento-de-caucho-continuo-para-alcorques-alcobendas-300x211.jpg 300w, https:\/\/pavimentosps.com\/wp-content\/uploads\/2023\/02\/pavimento-de-caucho-continuo-para-alcorques-alcobendas-768x541.jpg 768w\" sizes=\"auto, (max-width: 921px) 100vw, 921px\" \/><\/figure>\n\n\n\n<figure class=\"wp-block-image size-large\"><img loading=\"lazy\" decoding=\"async\" width=\"762\" height=\"424\" data-id=\"1645\" src=\"https:\/\/pavimentosps.com\/wp-content\/uploads\/2023\/02\/Pavimento-Amortiguador.jpg\" alt=\"\" class=\"wp-image-1645\" srcset=\"https:\/\/pavimentosps.com\/wp-content\/uploads\/2023\/02\/Pavimento-Amortiguador.jpg 762w, https:\/\/pavimentosps.com\/wp-content\/uploads\/2023\/02\/Pavimento-Amortiguador-300x167.jpg 300w\" sizes=\"auto, (max-width: 762px) 100vw, 762px\" \/><\/figure>\n<\/figure>\n","protected":false},"excerpt":{"rendered":"<p>Soluci\u00f3n est\u00e9tica, respetuosa y de seguridad. El caucho continuo para relleno de alcorques es una soluci\u00f3n perfecta para evitar tropiezos y eliminara barrera arquitect\u00f3nicas. Adem\u00e1s de ser un acabado atractivo &#8230;<\/p>\n","protected":false},"author":1,"featured_media":0,"parent":0,"menu_order":0,"comment_status":"closed","ping_status":"closed","template":"","meta":{"_joinchat":[],"footnotes":""},"class_list":["post-15","page","type-page","status-publish","hentry"],"_links":{"self":[{"href":"https:\/\/pavimentosps.com\/index.php\/wp-json\/wp\/v2\/pages\/15","targetHints":{"allow":["GET"]}}],"collection":[{"href":"https:\/\/pavimentosps.com\/index.php\/wp-json\/wp\/v2\/pages"}],"about":[{"href":"https:\/\/pavimentosps.com\/index.php\/wp-json\/wp\/v2\/types\/page"}],"author":[{"embeddable":true,"href":"https:\/\/pavimentosps.com\/index.php\/wp-json\/wp\/v2\/users\/1"}],"replies":[{"embeddable":true,"href":"https:\/\/pavimentosps.com\/index.php\/wp-json\/wp\/v2\/comments?post=15"}],"version-history":[{"count":8,"href":"https:\/\/pavimentosps.com\/index.php\/wp-json\/wp\/v2\/pages\/15\/revisions"}],"predecessor-version":[{"id":1649,"href":"https:\/\/pavimentosps.com\/index.php\/wp-json\/wp\/v2\/pages\/15\/revisions\/1649"}],"wp:attachment":[{"href":"https:\/\/pavimentosps.com\/index.php\/wp-json\/wp\/v2\/media?parent=15"}],"curies":[{"name":"wp","href":"https:\/\/api.w.org\/{rel}","templated":true}]}}