{"id":1547,"date":"2023-01-20T11:00:13","date_gmt":"2023-01-20T10:00:13","guid":{"rendered":"https:\/\/pavimentosps.com\/?page_id=1547"},"modified":"2023-02-09T12:35:58","modified_gmt":"2023-02-09T11:35:58","slug":"caucho-continuo","status":"publish","type":"page","link":"https:\/\/pavimentosps.com\/index.php\/caucho-continuo\/","title":{"rendered":"Caucho continuo"},"content":{"rendered":"\n<p>El suelo de goma &#8211; o caucho continuo &#8211; es un pavimento de seguridad realizado \u201cin situ\u201d que, adem\u00e1s de su funci\u00f3n<br>altamente amortiguadora, permite hacer dise\u00f1os espectaculares con colores. El suelo de caucho es un pavimento<br>amortiguador permeable y uniforme constituido por gr\u00e1nulos de caucho cohesionados con un ligante de poliuretano.<br>La instalaci\u00f3n del pavimento se realiza in situ por personal altamente especializado. En funci\u00f3n de la altura de ca\u00edda m\u00e1xima de los juegos, se colocar\u00e1 el espesor adecuado, de acuerdo con la norma UNE EN 1177:2009.<\/p>\n\n\n\n<p><br>Con este pavimento se crea un ambiente seguro para los ni\u00f1os, los colores utilizados crean un contraste que dan un placer a la vista y llaman la atenci\u00f3n invitando a los ni\u00f1os a jugar. Al instalarlo IN SITU tiene la ventaja de la inexistencia de juntas y los acabados pueden ser m\u00faltiples ya que se puede jugar con una amplia posibilidad de colores y dibujos con este acabado se consigue adaptar el pavimento mucho m\u00e1s a su entorno. Por eso le ofrecemos la realizaci\u00f3n sobre el pavimento, de juegos tradicionales, que forman parte de las tradiciones de nuestro pa\u00eds y que se trasmiten de generaci\u00f3n en generaci\u00f3n.<\/p>\n\n\n\n<p><strong><a href=\"https:\/\/pavimentosps.com\/wp-content\/uploads\/2023\/01\/normativa-UNE-1177.pdf\">NORMATIVA UNE EN 1177<\/a><\/strong><\/p>\n\n\n\n<p><strong>TABLA DE ESPESORES HIC<\/strong><\/p>\n\n\n\n<figure class=\"wp-block-image size-full\"><img loading=\"lazy\" decoding=\"async\" width=\"510\" height=\"187\" src=\"https:\/\/pavimentosps.com\/wp-content\/uploads\/2023\/01\/tb.png\" alt=\"\" class=\"wp-image-1589\" srcset=\"https:\/\/pavimentosps.com\/wp-content\/uploads\/2023\/01\/tb.png 510w, https:\/\/pavimentosps.com\/wp-content\/uploads\/2023\/01\/tb-300x110.png 300w\" sizes=\"auto, (max-width: 510px) 100vw, 510px\" \/><\/figure>\n\n\n\n<p><strong>GALER\u00cdA<\/strong><\/p>\n\n\n\n<p><\/p>\n\n\n\n<p><\/p>\n\n\n\n<p><a href=\"https:\/\/pavimentosps.com\/index.php\/epdm\/\">EDPM<\/a><\/p>\n\n\n\n<p><a href=\"https:\/\/pavimentosps.com\/index.php\/sbr-encapsulado\/\">SBR (encapsulado)<\/a><\/p>\n\n\n\n<p><a href=\"https:\/\/pavimentosps.com\/index.php\/tpv\/\">TPV<\/a><\/p>\n\n\n\n<p><\/p>\n","protected":false},"excerpt":{"rendered":"<p>El suelo de goma &#8211; o caucho continuo &#8211; es un pavimento de seguridad realizado \u201cin situ\u201d que, adem\u00e1s de su funci\u00f3naltamente amortiguadora, permite hacer dise\u00f1os espectaculares con colores. El &#8230;<\/p>\n","protected":false},"author":1,"featured_media":0,"parent":0,"menu_order":0,"comment_status":"closed","ping_status":"closed","template":"","meta":{"_joinchat":[],"footnotes":""},"class_list":["post-1547","page","type-page","status-publish","hentry"],"_links":{"self":[{"href":"https:\/\/pavimentosps.com\/index.php\/wp-json\/wp\/v2\/pages\/1547","targetHints":{"allow":["GET"]}}],"collection":[{"href":"https:\/\/pavimentosps.com\/index.php\/wp-json\/wp\/v2\/pages"}],"about":[{"href":"https:\/\/pavimentosps.com\/index.php\/wp-json\/wp\/v2\/types\/page"}],"author":[{"embeddable":true,"href":"https:\/\/pavimentosps.com\/index.php\/wp-json\/wp\/v2\/users\/1"}],"replies":[{"embeddable":true,"href":"https:\/\/pavimentosps.com\/index.php\/wp-json\/wp\/v2\/comments?post=1547"}],"version-history":[{"count":8,"href":"https:\/\/pavimentosps.com\/index.php\/wp-json\/wp\/v2\/pages\/1547\/revisions"}],"predecessor-version":[{"id":1767,"href":"https:\/\/pavimentosps.com\/index.php\/wp-json\/wp\/v2\/pages\/1547\/revisions\/1767"}],"wp:attachment":[{"href":"https:\/\/pavimentosps.com\/index.php\/wp-json\/wp\/v2\/media?parent=1547"}],"curies":[{"name":"wp","href":"https:\/\/api.w.org\/{rel}","templated":true}]}}