{"id":1549,"date":"2023-01-20T11:00:29","date_gmt":"2023-01-20T10:00:29","guid":{"rendered":"https:\/\/pavimentosps.com\/?page_id=1549"},"modified":"2023-02-09T11:31:48","modified_gmt":"2023-02-09T10:31:48","slug":"epdm","status":"publish","type":"page","link":"https:\/\/pavimentosps.com\/index.php\/epdm\/","title":{"rendered":"EPDM"},"content":{"rendered":"\n<p>El&nbsp;<strong>suelo de seguridad continuo<\/strong>&nbsp;se emplea para proteger a los ni\u00f1os frente a las ca\u00eddas en el espacio de seguridad de las \u00e1reas de juego. Se diferencia del suelo de loseta en que se aplica in-situ, con lo que se pueden hacer dise\u00f1os atractivos y sin juntas.<\/p>\n\n\n\n<p>Se aplica en dos capas diferentes:<\/p>\n\n\n\n<ul class=\"wp-block-list\">\n<li>Capa base: consiste en una mezcla de SBR con Resina.<br>El SBR son gr\u00e1nulos de caucho de un tama\u00f1o de 2 a 7 mm procedentes de la trituraci\u00f3n de neum\u00e1ticos fuera de uso. El espesor de esta capa depende de la altura de ca\u00edda del parque. SEG\u00daN NORMATIVA<\/li>\n\n\n\n<li>Capa de acabado: consiste en una mezcla de EPDM con Resina.<br>El EPDM son granos de un tama\u00f1o de 1 a 4 mm pretratados con una gama muy amplia de colores. El espesor de esta capa suele ser de 1 cm.<\/li>\n<\/ul>\n\n\n\n<p>La compactaci\u00f3n debe ser m\u00ednima para la capa base, para conseguir mas amortiguaci\u00f3n,&nbsp;&nbsp;y &nbsp;m\u00e1xima para la capa de acabado.<\/p>\n\n\n\n<p>El suelo de seguridad continuo&nbsp;se aplica sobre&nbsp;superficies estables, como hormig\u00f3n, aglomerado u otras, limpias y secas.<\/p>\n\n\n\n<p>Recomendamos que en la preparaci\u00f3n del soporte exista un buen trabajo de evacuaci\u00f3n de aguas, dando las pendientes adecuadas y\/o colocando sumideros. El agua estancada hace que en el grano de caucho aparezcan manchas de humedad, que adem\u00e1s de su efecto antiest\u00e9tico puede afectar a la uni\u00f3n de los materiales. Es necesario un firme resistente para la colocaci\u00f3n del pavimento de caucho.<\/p>\n\n\n\n<p>Si la obra est\u00e1 en lugares p\u00fablicos, se aconseja fijar un&nbsp;<strong><u>vigilante o guarda<\/u><\/strong>&nbsp;tras la ejecuci\u00f3n de los trabajos diarios, para evitar el acceso y posibles pisadas ya que estas acciones son muy habituales.<\/p>\n\n\n\n<p>Dise\u00f1os personalizados<\/p>\n\n\n\n<p>Gracias a la ejecuci\u00f3n \u201cin situ\u201d, con este material podemos realizas dise\u00f1o personalizados o est\u00e1ndar seg\u00fan las necesidades de cada parque.<\/p>\n\n\n\n<figure class=\"wp-block-gallery has-nested-images columns-default is-cropped wp-block-gallery-1 is-layout-flex wp-block-gallery-is-layout-flex\">\n<figure class=\"wp-block-image size-large\"><img loading=\"lazy\" decoding=\"async\" width=\"1024\" height=\"576\" data-id=\"1719\" src=\"https:\/\/pavimentosps.com\/wp-content\/uploads\/2023\/02\/ff178e79-5aeb-44e7-a0e9-fbfa86ef7b4c-1024x576.jpg\" alt=\"\" class=\"wp-image-1719\" srcset=\"https:\/\/pavimentosps.com\/wp-content\/uploads\/2023\/02\/ff178e79-5aeb-44e7-a0e9-fbfa86ef7b4c-1024x576.jpg 1024w, https:\/\/pavimentosps.com\/wp-content\/uploads\/2023\/02\/ff178e79-5aeb-44e7-a0e9-fbfa86ef7b4c-300x169.jpg 300w, https:\/\/pavimentosps.com\/wp-content\/uploads\/2023\/02\/ff178e79-5aeb-44e7-a0e9-fbfa86ef7b4c-768x432.jpg 768w, https:\/\/pavimentosps.com\/wp-content\/uploads\/2023\/02\/ff178e79-5aeb-44e7-a0e9-fbfa86ef7b4c-1536x864.jpg 1536w, https:\/\/pavimentosps.com\/wp-content\/uploads\/2023\/02\/ff178e79-5aeb-44e7-a0e9-fbfa86ef7b4c.jpg 1600w\" sizes=\"auto, (max-width: 1024px) 100vw, 1024px\" \/><\/figure>\n\n\n\n<figure class=\"wp-block-image size-large\"><img loading=\"lazy\" decoding=\"async\" width=\"1024\" height=\"498\" data-id=\"1724\" src=\"https:\/\/pavimentosps.com\/wp-content\/uploads\/2023\/02\/8b7586ff-859c-4996-9cea-d0c07330723a-1024x498.jpg\" alt=\"\" class=\"wp-image-1724\" srcset=\"https:\/\/pavimentosps.com\/wp-content\/uploads\/2023\/02\/8b7586ff-859c-4996-9cea-d0c07330723a-1024x498.jpg 1024w, https:\/\/pavimentosps.com\/wp-content\/uploads\/2023\/02\/8b7586ff-859c-4996-9cea-d0c07330723a-300x146.jpg 300w, https:\/\/pavimentosps.com\/wp-content\/uploads\/2023\/02\/8b7586ff-859c-4996-9cea-d0c07330723a-768x373.jpg 768w, https:\/\/pavimentosps.com\/wp-content\/uploads\/2023\/02\/8b7586ff-859c-4996-9cea-d0c07330723a.jpg 1416w\" sizes=\"auto, (max-width: 1024px) 100vw, 1024px\" \/><\/figure>\n\n\n\n<figure class=\"wp-block-image size-large\"><img loading=\"lazy\" decoding=\"async\" width=\"636\" height=\"357\" data-id=\"1725\" src=\"https:\/\/pavimentosps.com\/wp-content\/uploads\/2023\/02\/PARQUE-ABEJA.-CASARICHE.-EPDMIMG_9053.jpg\" alt=\"\" class=\"wp-image-1725\" srcset=\"https:\/\/pavimentosps.com\/wp-content\/uploads\/2023\/02\/PARQUE-ABEJA.-CASARICHE.-EPDMIMG_9053.jpg 636w, https:\/\/pavimentosps.com\/wp-content\/uploads\/2023\/02\/PARQUE-ABEJA.-CASARICHE.-EPDMIMG_9053-300x168.jpg 300w\" sizes=\"auto, (max-width: 636px) 100vw, 636px\" \/><\/figure>\n\n\n\n<figure class=\"wp-block-image size-large\"><img loading=\"lazy\" decoding=\"async\" width=\"1024\" height=\"576\" data-id=\"1720\" src=\"https:\/\/pavimentosps.com\/wp-content\/uploads\/2023\/02\/Parque-Ginecologo-Tronco.-Alcala-de-Guadaira.-EPDM-4-1024x576.jpg\" alt=\"\" class=\"wp-image-1720\" srcset=\"https:\/\/pavimentosps.com\/wp-content\/uploads\/2023\/02\/Parque-Ginecologo-Tronco.-Alcala-de-Guadaira.-EPDM-4-1024x576.jpg 1024w, https:\/\/pavimentosps.com\/wp-content\/uploads\/2023\/02\/Parque-Ginecologo-Tronco.-Alcala-de-Guadaira.-EPDM-4-300x169.jpg 300w, https:\/\/pavimentosps.com\/wp-content\/uploads\/2023\/02\/Parque-Ginecologo-Tronco.-Alcala-de-Guadaira.-EPDM-4-768x432.jpg 768w, https:\/\/pavimentosps.com\/wp-content\/uploads\/2023\/02\/Parque-Ginecologo-Tronco.-Alcala-de-Guadaira.-EPDM-4.jpg 1328w\" sizes=\"auto, (max-width: 1024px) 100vw, 1024px\" \/><\/figure>\n\n\n\n<figure class=\"wp-block-image size-large\"><img loading=\"lazy\" decoding=\"async\" width=\"637\" height=\"358\" data-id=\"1726\" src=\"https:\/\/pavimentosps.com\/wp-content\/uploads\/2023\/02\/PARQUE-ABEJA.-CASARICHE.-EPDMIMG_9054.jpg\" alt=\"\" class=\"wp-image-1726\" srcset=\"https:\/\/pavimentosps.com\/wp-content\/uploads\/2023\/02\/PARQUE-ABEJA.-CASARICHE.-EPDMIMG_9054.jpg 637w, https:\/\/pavimentosps.com\/wp-content\/uploads\/2023\/02\/PARQUE-ABEJA.-CASARICHE.-EPDMIMG_9054-300x169.jpg 300w\" sizes=\"auto, (max-width: 637px) 100vw, 637px\" \/><\/figure>\n\n\n\n<figure class=\"wp-block-image size-large\"><img loading=\"lazy\" decoding=\"async\" width=\"1024\" height=\"421\" data-id=\"1723\" src=\"https:\/\/pavimentosps.com\/wp-content\/uploads\/2023\/02\/2.riot_-1024x421.jpg\" alt=\"\" class=\"wp-image-1723\" srcset=\"https:\/\/pavimentosps.com\/wp-content\/uploads\/2023\/02\/2.riot_-1024x421.jpg 1024w, https:\/\/pavimentosps.com\/wp-content\/uploads\/2023\/02\/2.riot_-300x123.jpg 300w, https:\/\/pavimentosps.com\/wp-content\/uploads\/2023\/02\/2.riot_-768x316.jpg 768w, https:\/\/pavimentosps.com\/wp-content\/uploads\/2023\/02\/2.riot_-1536x631.jpg 1536w, https:\/\/pavimentosps.com\/wp-content\/uploads\/2023\/02\/2.riot_-2048x842.jpg 2048w\" sizes=\"auto, (max-width: 1024px) 100vw, 1024px\" \/><\/figure>\n<\/figure>\n\n\n\n<figure class=\"wp-block-image size-large\"><img loading=\"lazy\" decoding=\"async\" width=\"1024\" height=\"576\" src=\"https:\/\/pavimentosps.com\/wp-content\/uploads\/2023\/02\/Caucho-EPDM.Brenes.-Mariposa-5-1024x576.jpg\" alt=\"\" class=\"wp-image-1722\" srcset=\"https:\/\/pavimentosps.com\/wp-content\/uploads\/2023\/02\/Caucho-EPDM.Brenes.-Mariposa-5-1024x576.jpg 1024w, https:\/\/pavimentosps.com\/wp-content\/uploads\/2023\/02\/Caucho-EPDM.Brenes.-Mariposa-5-300x169.jpg 300w, https:\/\/pavimentosps.com\/wp-content\/uploads\/2023\/02\/Caucho-EPDM.Brenes.-Mariposa-5-768x432.jpg 768w, https:\/\/pavimentosps.com\/wp-content\/uploads\/2023\/02\/Caucho-EPDM.Brenes.-Mariposa-5.jpg 1328w\" sizes=\"auto, (max-width: 1024px) 100vw, 1024px\" \/><\/figure>\n\n\n\n<figure class=\"wp-block-image size-large\"><img loading=\"lazy\" decoding=\"async\" width=\"1024\" height=\"576\" src=\"https:\/\/pavimentosps.com\/wp-content\/uploads\/2023\/02\/Almensillas.-EPDMPHOTO-2019-04-26-16-02-20-1024x576.jpg\" alt=\"\" class=\"wp-image-1721\" srcset=\"https:\/\/pavimentosps.com\/wp-content\/uploads\/2023\/02\/Almensillas.-EPDMPHOTO-2019-04-26-16-02-20-1024x576.jpg 1024w, https:\/\/pavimentosps.com\/wp-content\/uploads\/2023\/02\/Almensillas.-EPDMPHOTO-2019-04-26-16-02-20-300x169.jpg 300w, https:\/\/pavimentosps.com\/wp-content\/uploads\/2023\/02\/Almensillas.-EPDMPHOTO-2019-04-26-16-02-20-768x432.jpg 768w, https:\/\/pavimentosps.com\/wp-content\/uploads\/2023\/02\/Almensillas.-EPDMPHOTO-2019-04-26-16-02-20-1536x864.jpg 1536w, https:\/\/pavimentosps.com\/wp-content\/uploads\/2023\/02\/Almensillas.-EPDMPHOTO-2019-04-26-16-02-20.jpg 1600w\" sizes=\"auto, (max-width: 1024px) 100vw, 1024px\" \/><\/figure>\n","protected":false},"excerpt":{"rendered":"<p>El&nbsp;suelo de seguridad continuo&nbsp;se emplea para proteger a los ni\u00f1os frente a las ca\u00eddas en el espacio de seguridad de las \u00e1reas de juego. Se diferencia del suelo de loseta &#8230;<\/p>\n","protected":false},"author":1,"featured_media":0,"parent":0,"menu_order":0,"comment_status":"closed","ping_status":"closed","template":"","meta":{"_joinchat":[],"footnotes":""},"class_list":["post-1549","page","type-page","status-publish","hentry"],"_links":{"self":[{"href":"https:\/\/pavimentosps.com\/index.php\/wp-json\/wp\/v2\/pages\/1549","targetHints":{"allow":["GET"]}}],"collection":[{"href":"https:\/\/pavimentosps.com\/index.php\/wp-json\/wp\/v2\/pages"}],"about":[{"href":"https:\/\/pavimentosps.com\/index.php\/wp-json\/wp\/v2\/types\/page"}],"author":[{"embeddable":true,"href":"https:\/\/pavimentosps.com\/index.php\/wp-json\/wp\/v2\/users\/1"}],"replies":[{"embeddable":true,"href":"https:\/\/pavimentosps.com\/index.php\/wp-json\/wp\/v2\/comments?post=1549"}],"version-history":[{"count":5,"href":"https:\/\/pavimentosps.com\/index.php\/wp-json\/wp\/v2\/pages\/1549\/revisions"}],"predecessor-version":[{"id":1727,"href":"https:\/\/pavimentosps.com\/index.php\/wp-json\/wp\/v2\/pages\/1549\/revisions\/1727"}],"wp:attachment":[{"href":"https:\/\/pavimentosps.com\/index.php\/wp-json\/wp\/v2\/media?parent=1549"}],"curies":[{"name":"wp","href":"https:\/\/api.w.org\/{rel}","templated":true}]}}