{"id":1557,"date":"2023-01-20T11:03:26","date_gmt":"2023-01-20T10:03:26","guid":{"rendered":"https:\/\/pavimentosps.com\/?page_id=1557"},"modified":"2023-02-06T13:15:44","modified_gmt":"2023-02-06T12:15:44","slug":"hormigon-poroso","status":"publish","type":"page","link":"https:\/\/pavimentosps.com\/index.php\/hormigon-poroso\/","title":{"rendered":"Hormig\u00f3n poroso"},"content":{"rendered":"\n<p><\/p>\n\n\n\n<p>Este pavimento es una superficie elaborada con gravas de granulometr\u00eda controlada, amasadas con\u00a0<em>cemento<\/em>\u00a0regleadas y ruleteadas en tramos con juntas de dilataci\u00f3n insertadas Este tipo de hormig\u00f3n es bastante habitual en parkings, caminos, <strong>pistas de p\u00e1del<\/strong>, invernaderos, calles con poco tr\u00e1fico, interior de urbanizaciones, etc. <\/p>\n\n\n\n<p>La principal caracter\u00edstica del hormig\u00f3n poroso es que no es impermeable. Su permeabilidad permite que el agua de lluvia traspase el pavimento sin estropearlo. Esto evita inundaciones y hace mucho m\u00e1s c\u00f3moda la gesti\u00f3n de ese agua, pues gran parte es absorbida por el suelo<\/p>\n\n\n\n<figure class=\"wp-block-gallery has-nested-images columns-default is-cropped wp-block-gallery-1 is-layout-flex wp-block-gallery-is-layout-flex\">\n<figure class=\"wp-block-image size-large\"><img loading=\"lazy\" decoding=\"async\" width=\"1024\" height=\"559\" data-id=\"1699\" src=\"https:\/\/pavimentosps.com\/wp-content\/uploads\/2023\/02\/hormigon-drenante-1024x559.jpg\" alt=\"\" class=\"wp-image-1699\" srcset=\"https:\/\/pavimentosps.com\/wp-content\/uploads\/2023\/02\/hormigon-drenante-1024x559.jpg 1024w, https:\/\/pavimentosps.com\/wp-content\/uploads\/2023\/02\/hormigon-drenante-300x164.jpg 300w, https:\/\/pavimentosps.com\/wp-content\/uploads\/2023\/02\/hormigon-drenante-768x419.jpg 768w, https:\/\/pavimentosps.com\/wp-content\/uploads\/2023\/02\/hormigon-drenante.jpg 1040w\" sizes=\"auto, (max-width: 1024px) 100vw, 1024px\" \/><\/figure>\n\n\n\n<figure class=\"wp-block-image size-large\"><img loading=\"lazy\" decoding=\"async\" width=\"800\" height=\"600\" data-id=\"1700\" src=\"https:\/\/pavimentosps.com\/wp-content\/uploads\/2023\/02\/pistas-deportivas-hormigon-poroso-sportmegias.com-01.jpg\" alt=\"\" class=\"wp-image-1700\" srcset=\"https:\/\/pavimentosps.com\/wp-content\/uploads\/2023\/02\/pistas-deportivas-hormigon-poroso-sportmegias.com-01.jpg 800w, https:\/\/pavimentosps.com\/wp-content\/uploads\/2023\/02\/pistas-deportivas-hormigon-poroso-sportmegias.com-01-300x225.jpg 300w, https:\/\/pavimentosps.com\/wp-content\/uploads\/2023\/02\/pistas-deportivas-hormigon-poroso-sportmegias.com-01-768x576.jpg 768w\" sizes=\"auto, (max-width: 800px) 100vw, 800px\" \/><\/figure>\n\n\n\n<figure class=\"wp-block-image size-large\"><img loading=\"lazy\" decoding=\"async\" width=\"800\" height=\"600\" data-id=\"1701\" src=\"https:\/\/pavimentosps.com\/wp-content\/uploads\/2023\/02\/pistas-deportivas-hormigon-poroso-sportmegias.com-06.jpg\" alt=\"\" class=\"wp-image-1701\" srcset=\"https:\/\/pavimentosps.com\/wp-content\/uploads\/2023\/02\/pistas-deportivas-hormigon-poroso-sportmegias.com-06.jpg 800w, https:\/\/pavimentosps.com\/wp-content\/uploads\/2023\/02\/pistas-deportivas-hormigon-poroso-sportmegias.com-06-300x225.jpg 300w, https:\/\/pavimentosps.com\/wp-content\/uploads\/2023\/02\/pistas-deportivas-hormigon-poroso-sportmegias.com-06-768x576.jpg 768w\" sizes=\"auto, (max-width: 800px) 100vw, 800px\" \/><\/figure>\n\n\n\n<figure class=\"wp-block-image size-large\"><img loading=\"lazy\" decoding=\"async\" width=\"880\" height=\"600\" data-id=\"1702\" src=\"https:\/\/pavimentosps.com\/wp-content\/uploads\/2023\/02\/Pista-hormigon-poroso-celabasa-880x600_c.jpg\" alt=\"\" class=\"wp-image-1702\" srcset=\"https:\/\/pavimentosps.com\/wp-content\/uploads\/2023\/02\/Pista-hormigon-poroso-celabasa-880x600_c.jpg 880w, https:\/\/pavimentosps.com\/wp-content\/uploads\/2023\/02\/Pista-hormigon-poroso-celabasa-880x600_c-300x205.jpg 300w, https:\/\/pavimentosps.com\/wp-content\/uploads\/2023\/02\/Pista-hormigon-poroso-celabasa-880x600_c-768x524.jpg 768w\" sizes=\"auto, (max-width: 880px) 100vw, 880px\" \/><\/figure>\n<\/figure>\n\n\n\n<p><\/p>\n","protected":false},"excerpt":{"rendered":"<p>Este pavimento es una superficie elaborada con gravas de granulometr\u00eda controlada, amasadas con\u00a0cemento\u00a0regleadas y ruleteadas en tramos con juntas de dilataci\u00f3n insertadas Este tipo de hormig\u00f3n es bastante habitual en &#8230;<\/p>\n","protected":false},"author":1,"featured_media":0,"parent":0,"menu_order":0,"comment_status":"closed","ping_status":"closed","template":"","meta":{"_joinchat":[],"footnotes":""},"class_list":["post-1557","page","type-page","status-publish","hentry"],"_links":{"self":[{"href":"https:\/\/pavimentosps.com\/index.php\/wp-json\/wp\/v2\/pages\/1557","targetHints":{"allow":["GET"]}}],"collection":[{"href":"https:\/\/pavimentosps.com\/index.php\/wp-json\/wp\/v2\/pages"}],"about":[{"href":"https:\/\/pavimentosps.com\/index.php\/wp-json\/wp\/v2\/types\/page"}],"author":[{"embeddable":true,"href":"https:\/\/pavimentosps.com\/index.php\/wp-json\/wp\/v2\/users\/1"}],"replies":[{"embeddable":true,"href":"https:\/\/pavimentosps.com\/index.php\/wp-json\/wp\/v2\/comments?post=1557"}],"version-history":[{"count":4,"href":"https:\/\/pavimentosps.com\/index.php\/wp-json\/wp\/v2\/pages\/1557\/revisions"}],"predecessor-version":[{"id":1703,"href":"https:\/\/pavimentosps.com\/index.php\/wp-json\/wp\/v2\/pages\/1557\/revisions\/1703"}],"wp:attachment":[{"href":"https:\/\/pavimentosps.com\/index.php\/wp-json\/wp\/v2\/media?parent=1557"}],"curies":[{"name":"wp","href":"https:\/\/api.w.org\/{rel}","templated":true}]}}