{"id":1620,"date":"2023-02-06T11:43:05","date_gmt":"2023-02-06T10:43:05","guid":{"rendered":"https:\/\/pavimentosps.com\/?page_id=1620"},"modified":"2023-02-13T10:57:11","modified_gmt":"2023-02-13T09:57:11","slug":"hormigon","status":"publish","type":"page","link":"https:\/\/pavimentosps.com\/index.php\/hormigon\/","title":{"rendered":"Hormig\u00f3n"},"content":{"rendered":"\n<figure class=\"wp-block-image size-large\"><img loading=\"lazy\" decoding=\"async\" width=\"1024\" height=\"196\" src=\"https:\/\/pavimentosps.com\/wp-content\/uploads\/2023\/02\/COMPOSICION-1024x196.png\" alt=\"\" class=\"wp-image-2067\" srcset=\"https:\/\/pavimentosps.com\/wp-content\/uploads\/2023\/02\/COMPOSICION-1024x196.png 1024w, https:\/\/pavimentosps.com\/wp-content\/uploads\/2023\/02\/COMPOSICION-300x57.png 300w, https:\/\/pavimentosps.com\/wp-content\/uploads\/2023\/02\/COMPOSICION-768x147.png 768w, https:\/\/pavimentosps.com\/wp-content\/uploads\/2023\/02\/COMPOSICION.png 1109w\" sizes=\"auto, (max-width: 1024px) 100vw, 1024px\" \/><\/figure>\n\n\n\n<p>Los pavimentos de hormig\u00f3n son una alternativa para pavimentar los espacios en nuestros hogares, empresas u oficinas; &#8230;<\/p>\n\n\n\n<p>Estos pavimentos son una opci\u00f3n medioambiental, pues gracias a su gran durabilidad y m\u00ednimo mantenimiento podemos hacer un mejor uso de los recursos.<\/p>\n\n\n\n<p>Se puede usar en superficies tanto verticales como horizontales.<\/p>\n\n\n\n<p>Son de r\u00e1pida ejecuci\u00f3n.<\/p>\n\n\n\n<p>Es duradero y su resistencia aumenta con el tiempo.<\/p>\n\n\n\n<p>Antideslizante.<\/p>\n\n\n\n<p>M\u00ednimo mantenimiento, no requiere de cuidados especiales.<\/p>\n\n\n\n<p>Son econ\u00f3micos, aunque su costo inicial podr\u00eda ser ligeramente superior a otros pavimentos, a largo plazo los pavimentos de hormig\u00f3n han demostrado ser un ahorro significativo.<\/p>\n\n\n\n<p><\/p>\n\n\n\n<p><a href=\"https:\/\/pavimentosps.com\/index.php\/hormigon-impreso\/\">Hormig\u00f3n impreso<\/a><\/p>\n\n\n\n<p><a href=\"https:\/\/pavimentosps.com\/index.php\/hormigon-fratasado\/\">Hormig\u00f3n fratasado<\/a><\/p>\n\n\n\n<p><a href=\"https:\/\/pavimentosps.com\/index.php\/hormigon-cepillado\/\">Hormig\u00f3n cepillado<\/a><\/p>\n\n\n\n<p><a href=\"https:\/\/pavimentosps.com\/index.php\/hormigon-poroso\/\">Hormig\u00f3n poroso<\/a><\/p>\n\n\n\n<p><a href=\"https:\/\/pavimentosps.com\/index.php\/hormigon-desactivado\/\">Hormig\u00f3n desactivado<\/a><\/p>\n","protected":false},"excerpt":{"rendered":"<p>Los pavimentos de hormig\u00f3n son una alternativa para pavimentar los espacios en nuestros hogares, empresas u oficinas; &#8230; Estos pavimentos son una opci\u00f3n medioambiental, pues gracias a su gran durabilidad &#8230;<\/p>\n","protected":false},"author":1,"featured_media":0,"parent":0,"menu_order":0,"comment_status":"closed","ping_status":"closed","template":"","meta":{"_joinchat":[],"footnotes":""},"class_list":["post-1620","page","type-page","status-publish","hentry"],"_links":{"self":[{"href":"https:\/\/pavimentosps.com\/index.php\/wp-json\/wp\/v2\/pages\/1620","targetHints":{"allow":["GET"]}}],"collection":[{"href":"https:\/\/pavimentosps.com\/index.php\/wp-json\/wp\/v2\/pages"}],"about":[{"href":"https:\/\/pavimentosps.com\/index.php\/wp-json\/wp\/v2\/types\/page"}],"author":[{"embeddable":true,"href":"https:\/\/pavimentosps.com\/index.php\/wp-json\/wp\/v2\/users\/1"}],"replies":[{"embeddable":true,"href":"https:\/\/pavimentosps.com\/index.php\/wp-json\/wp\/v2\/comments?post=1620"}],"version-history":[{"count":4,"href":"https:\/\/pavimentosps.com\/index.php\/wp-json\/wp\/v2\/pages\/1620\/revisions"}],"predecessor-version":[{"id":2068,"href":"https:\/\/pavimentosps.com\/index.php\/wp-json\/wp\/v2\/pages\/1620\/revisions\/2068"}],"wp:attachment":[{"href":"https:\/\/pavimentosps.com\/index.php\/wp-json\/wp\/v2\/media?parent=1620"}],"curies":[{"name":"wp","href":"https:\/\/api.w.org\/{rel}","templated":true}]}}