{"id":17,"date":"2022-12-05T16:40:58","date_gmt":"2022-12-05T16:40:58","guid":{"rendered":"https:\/\/pavimentosps.com\/?page_id=17"},"modified":"2023-02-06T12:32:30","modified_gmt":"2023-02-06T11:32:30","slug":"pistas-deportivas","status":"publish","type":"page","link":"https:\/\/pavimentosps.com\/index.php\/pistas-deportivas\/","title":{"rendered":"Pistas deportivas"},"content":{"rendered":"\n<p>Las bases de caucho amortiguan el impacto, proporcionando as\u00ed una mayor protecci\u00f3n para los m\u00fasculos de los atletas, siendo a su vez una perfecta superficie de agarre con la que se logra mejorar la velocidad y evita lesiones. Se puede realizar tanto \u201cin situ\u201d en obra como mediante productos prefabricados.<\/p>\n\n\n\n<p>Las pistas realizadas in situ\u00a0se obtienen mediante la aplicaci\u00f3n de una primera capa de gr\u00e1nulos de caucho negro y ligantes el\u00e1sticos y una segunda m\u00e1s fina, con gr\u00e1nulos de caucho en color y aplicada bienmediante extendido de los gr\u00e1nulos.\u00a0<\/p>\n\n\n\n<p>Se puede optar por unas bases de mayor o menor espesor en funci\u00f3n de las necesidades.<\/p>\n\n\n\n<figure class=\"wp-block-gallery has-nested-images columns-default is-cropped wp-block-gallery-1 is-layout-flex wp-block-gallery-is-layout-flex\">\n<figure class=\"wp-block-image size-large\"><img loading=\"lazy\" decoding=\"async\" width=\"1024\" height=\"977\" data-id=\"1642\" src=\"https:\/\/pavimentosps.com\/wp-content\/uploads\/2023\/02\/167563-16562060-1-1024x977.jpg\" alt=\"\" class=\"wp-image-1642\" srcset=\"https:\/\/pavimentosps.com\/wp-content\/uploads\/2023\/02\/167563-16562060-1-1024x977.jpg 1024w, https:\/\/pavimentosps.com\/wp-content\/uploads\/2023\/02\/167563-16562060-1-300x286.jpg 300w, https:\/\/pavimentosps.com\/wp-content\/uploads\/2023\/02\/167563-16562060-1-768x733.jpg 768w, https:\/\/pavimentosps.com\/wp-content\/uploads\/2023\/02\/167563-16562060-1.jpg 1460w\" sizes=\"auto, (max-width: 1024px) 100vw, 1024px\" \/><\/figure>\n\n\n\n<figure class=\"wp-block-image size-large\"><img loading=\"lazy\" decoding=\"async\" width=\"450\" height=\"329\" data-id=\"1641\" src=\"https:\/\/pavimentosps.com\/wp-content\/uploads\/2023\/02\/14313478-pista-de-atletismo-de-caucho-estandar-de-color-rojo-1.jpg\" alt=\"\" class=\"wp-image-1641\" srcset=\"https:\/\/pavimentosps.com\/wp-content\/uploads\/2023\/02\/14313478-pista-de-atletismo-de-caucho-estandar-de-color-rojo-1.jpg 450w, https:\/\/pavimentosps.com\/wp-content\/uploads\/2023\/02\/14313478-pista-de-atletismo-de-caucho-estandar-de-color-rojo-1-300x219.jpg 300w\" sizes=\"auto, (max-width: 450px) 100vw, 450px\" \/><\/figure>\n<\/figure>\n","protected":false},"excerpt":{"rendered":"<p>Las bases de caucho amortiguan el impacto, proporcionando as\u00ed una mayor protecci\u00f3n para los m\u00fasculos de los atletas, siendo a su vez una perfecta superficie de agarre con la que &#8230;<\/p>\n","protected":false},"author":1,"featured_media":0,"parent":0,"menu_order":0,"comment_status":"closed","ping_status":"closed","template":"","meta":{"_joinchat":[],"footnotes":""},"class_list":["post-17","page","type-page","status-publish","hentry"],"_links":{"self":[{"href":"https:\/\/pavimentosps.com\/index.php\/wp-json\/wp\/v2\/pages\/17","targetHints":{"allow":["GET"]}}],"collection":[{"href":"https:\/\/pavimentosps.com\/index.php\/wp-json\/wp\/v2\/pages"}],"about":[{"href":"https:\/\/pavimentosps.com\/index.php\/wp-json\/wp\/v2\/types\/page"}],"author":[{"embeddable":true,"href":"https:\/\/pavimentosps.com\/index.php\/wp-json\/wp\/v2\/users\/1"}],"replies":[{"embeddable":true,"href":"https:\/\/pavimentosps.com\/index.php\/wp-json\/wp\/v2\/comments?post=17"}],"version-history":[{"count":5,"href":"https:\/\/pavimentosps.com\/index.php\/wp-json\/wp\/v2\/pages\/17\/revisions"}],"predecessor-version":[{"id":1644,"href":"https:\/\/pavimentosps.com\/index.php\/wp-json\/wp\/v2\/pages\/17\/revisions\/1644"}],"wp:attachment":[{"href":"https:\/\/pavimentosps.com\/index.php\/wp-json\/wp\/v2\/media?parent=17"}],"curies":[{"name":"wp","href":"https:\/\/api.w.org\/{rel}","templated":true}]}}