{"id":21,"date":"2022-12-05T16:41:57","date_gmt":"2022-12-05T16:41:57","guid":{"rendered":"https:\/\/pavimentosps.com\/?page_id=21"},"modified":"2023-02-06T13:22:35","modified_gmt":"2023-02-06T12:22:35","slug":"hormigon-impreso","status":"publish","type":"page","link":"https:\/\/pavimentosps.com\/index.php\/hormigon-impreso\/","title":{"rendered":"Hormig\u00f3n impreso"},"content":{"rendered":"\n<p><strong>Pr\u00e1ctico y elegante<\/strong>:<br>La instalaci\u00f3n del hormig\u00f3n impreso no tiene ninguna limitaci\u00f3n, desde una peque\u00f1a entrada al chalet, hasta grandes superficies,<br>como centros comerciales o urbanizaciones. Le ofrecemos garant\u00eda y calidad a bajo coste. T\u00e9cnicamente al ser una soluci\u00f3n<br>monol\u00edtica convierte al hormig\u00f3n en un pavimento de extraordinarias calidades mec\u00e1nicas, evitando el descolchamiento o<br>roturas y levantamientos de baldosas.<br><strong>Caracter\u00edsticas<\/strong>:<br>.- Pavimento realizado in situ de alta resistencia, r\u00e1pida instalaci\u00f3n y precio competitivo.<br>.- Pavimentos sin asentamiento, aplicable sobre cualquier superficie ya existente.<br>.- Partiendo del hormig\u00f3n en fresco, obtenemos un pavimento coloreado en masa<br>y texturas nobles, como puede ser la pizarra, adoquines, ladrillos, otros tipos de baldosas de barro, etc.<br>(M\u00e1s de 60 modelos diferentes).<\/p>\n\n\n\n<p><strong>GALER\u00cdA DE PLANTILLAS<\/strong><\/p>\n\n\n\n<figure class=\"wp-block-gallery has-nested-images columns-default is-cropped wp-block-gallery-1 is-layout-flex wp-block-gallery-is-layout-flex\">\n<figure class=\"wp-block-image size-large\"><img loading=\"lazy\" decoding=\"async\" width=\"428\" height=\"336\" data-id=\"1713\" src=\"https:\/\/pavimentosps.com\/wp-content\/uploads\/2023\/02\/abanico-europeo.jpg\" alt=\"\" class=\"wp-image-1713\" srcset=\"https:\/\/pavimentosps.com\/wp-content\/uploads\/2023\/02\/abanico-europeo.jpg 428w, https:\/\/pavimentosps.com\/wp-content\/uploads\/2023\/02\/abanico-europeo-300x236.jpg 300w\" sizes=\"auto, (max-width: 428px) 100vw, 428px\" \/><\/figure>\n\n\n\n<figure class=\"wp-block-image size-large\"><img loading=\"lazy\" decoding=\"async\" width=\"552\" height=\"451\" data-id=\"1714\" src=\"https:\/\/pavimentosps.com\/wp-content\/uploads\/2023\/02\/adoquin-belga.jpg\" alt=\"\" class=\"wp-image-1714\" srcset=\"https:\/\/pavimentosps.com\/wp-content\/uploads\/2023\/02\/adoquin-belga.jpg 552w, https:\/\/pavimentosps.com\/wp-content\/uploads\/2023\/02\/adoquin-belga-300x245.jpg 300w\" sizes=\"auto, (max-width: 552px) 100vw, 552px\" \/><\/figure>\n\n\n\n<figure class=\"wp-block-image size-large\"><img loading=\"lazy\" decoding=\"async\" width=\"534\" height=\"435\" data-id=\"1715\" src=\"https:\/\/pavimentosps.com\/wp-content\/uploads\/2023\/02\/adoquin-clasico-1.jpg\" alt=\"\" class=\"wp-image-1715\" srcset=\"https:\/\/pavimentosps.com\/wp-content\/uploads\/2023\/02\/adoquin-clasico-1.jpg 534w, https:\/\/pavimentosps.com\/wp-content\/uploads\/2023\/02\/adoquin-clasico-1-300x244.jpg 300w\" sizes=\"auto, (max-width: 534px) 100vw, 534px\" \/><\/figure>\n<\/figure>\n\n\n\n<figure class=\"wp-block-gallery has-nested-images columns-default is-cropped wp-block-gallery-2 is-layout-flex wp-block-gallery-is-layout-flex\">\n<figure class=\"wp-block-image size-large\"><img loading=\"lazy\" decoding=\"async\" width=\"407\" height=\"353\" data-id=\"1707\" src=\"https:\/\/pavimentosps.com\/wp-content\/uploads\/2023\/02\/cantera-laja.jpg\" alt=\"\" class=\"wp-image-1707\" srcset=\"https:\/\/pavimentosps.com\/wp-content\/uploads\/2023\/02\/cantera-laja.jpg 407w, https:\/\/pavimentosps.com\/wp-content\/uploads\/2023\/02\/cantera-laja-300x260.jpg 300w\" sizes=\"auto, (max-width: 407px) 100vw, 407px\" \/><\/figure>\n\n\n\n<figure class=\"wp-block-image size-large\"><img loading=\"lazy\" decoding=\"async\" width=\"450\" height=\"319\" data-id=\"1708\" src=\"https:\/\/pavimentosps.com\/wp-content\/uploads\/2023\/02\/madera-canada.jpg\" alt=\"\" class=\"wp-image-1708\" srcset=\"https:\/\/pavimentosps.com\/wp-content\/uploads\/2023\/02\/madera-canada.jpg 450w, https:\/\/pavimentosps.com\/wp-content\/uploads\/2023\/02\/madera-canada-300x213.jpg 300w\" sizes=\"auto, (max-width: 450px) 100vw, 450px\" \/><\/figure>\n\n\n\n<figure class=\"wp-block-image size-large\"><img loading=\"lazy\" decoding=\"async\" width=\"514\" height=\"415\" data-id=\"1706\" src=\"https:\/\/pavimentosps.com\/wp-content\/uploads\/2023\/02\/ladrillo-espiga.jpg\" alt=\"\" class=\"wp-image-1706\" srcset=\"https:\/\/pavimentosps.com\/wp-content\/uploads\/2023\/02\/ladrillo-espiga.jpg 514w, https:\/\/pavimentosps.com\/wp-content\/uploads\/2023\/02\/ladrillo-espiga-300x242.jpg 300w\" sizes=\"auto, (max-width: 514px) 100vw, 514px\" \/><\/figure>\n\n\n\n<figure class=\"wp-block-image size-large\"><img loading=\"lazy\" decoding=\"async\" width=\"434\" height=\"351\" data-id=\"1704\" src=\"https:\/\/pavimentosps.com\/wp-content\/uploads\/2023\/02\/losa-granada.jpg\" alt=\"\" class=\"wp-image-1704\" srcset=\"https:\/\/pavimentosps.com\/wp-content\/uploads\/2023\/02\/losa-granada.jpg 434w, https:\/\/pavimentosps.com\/wp-content\/uploads\/2023\/02\/losa-granada-300x243.jpg 300w\" sizes=\"auto, (max-width: 434px) 100vw, 434px\" \/><\/figure>\n\n\n\n<figure class=\"wp-block-image size-large\"><img loading=\"lazy\" decoding=\"async\" width=\"505\" height=\"229\" data-id=\"1705\" src=\"https:\/\/pavimentosps.com\/wp-content\/uploads\/2023\/02\/cenefa-ladrillo-tosco.jpg\" alt=\"\" class=\"wp-image-1705\" srcset=\"https:\/\/pavimentosps.com\/wp-content\/uploads\/2023\/02\/cenefa-ladrillo-tosco.jpg 505w, https:\/\/pavimentosps.com\/wp-content\/uploads\/2023\/02\/cenefa-ladrillo-tosco-300x136.jpg 300w\" sizes=\"auto, (max-width: 505px) 100vw, 505px\" \/><\/figure>\n\n\n\n<figure class=\"wp-block-image size-large\"><img loading=\"lazy\" decoding=\"async\" width=\"523\" height=\"454\" data-id=\"1709\" src=\"https:\/\/pavimentosps.com\/wp-content\/uploads\/2023\/02\/adoquin-rustico.jpg\" alt=\"\" class=\"wp-image-1709\" srcset=\"https:\/\/pavimentosps.com\/wp-content\/uploads\/2023\/02\/adoquin-rustico.jpg 523w, https:\/\/pavimentosps.com\/wp-content\/uploads\/2023\/02\/adoquin-rustico-300x260.jpg 300w\" sizes=\"auto, (max-width: 523px) 100vw, 523px\" \/><\/figure>\n\n\n\n<figure class=\"wp-block-image size-large\"><img loading=\"lazy\" decoding=\"async\" width=\"432\" height=\"371\" data-id=\"1711\" src=\"https:\/\/pavimentosps.com\/wp-content\/uploads\/2023\/02\/cantera-cerdena.jpg\" alt=\"\" class=\"wp-image-1711\" srcset=\"https:\/\/pavimentosps.com\/wp-content\/uploads\/2023\/02\/cantera-cerdena.jpg 432w, https:\/\/pavimentosps.com\/wp-content\/uploads\/2023\/02\/cantera-cerdena-300x258.jpg 300w\" sizes=\"auto, (max-width: 432px) 100vw, 432px\" \/><\/figure>\n\n\n\n<figure class=\"wp-block-image size-large\"><img loading=\"lazy\" decoding=\"async\" width=\"534\" height=\"435\" data-id=\"1710\" src=\"https:\/\/pavimentosps.com\/wp-content\/uploads\/2023\/02\/adoquin-clasico.jpg\" alt=\"\" class=\"wp-image-1710\" srcset=\"https:\/\/pavimentosps.com\/wp-content\/uploads\/2023\/02\/adoquin-clasico.jpg 534w, https:\/\/pavimentosps.com\/wp-content\/uploads\/2023\/02\/adoquin-clasico-300x244.jpg 300w\" sizes=\"auto, (max-width: 534px) 100vw, 534px\" \/><\/figure>\n<\/figure>\n\n\n\n<p><strong>CARTA DE COLORES<\/strong><\/p>\n\n\n\n<figure class=\"wp-block-image size-full\"><img loading=\"lazy\" decoding=\"async\" width=\"660\" height=\"916\" src=\"https:\/\/pavimentosps.com\/wp-content\/uploads\/2023\/02\/CARTA-COLORES-IMPRESO.jpg\" alt=\"\" class=\"wp-image-1661\" srcset=\"https:\/\/pavimentosps.com\/wp-content\/uploads\/2023\/02\/CARTA-COLORES-IMPRESO.jpg 660w, https:\/\/pavimentosps.com\/wp-content\/uploads\/2023\/02\/CARTA-COLORES-IMPRESO-216x300.jpg 216w\" sizes=\"auto, (max-width: 660px) 100vw, 660px\" \/><\/figure>\n\n\n\n<p><strong>GALER\u00cdA DE FOTOS<\/strong><\/p>\n\n\n\n<figure class=\"wp-block-gallery has-nested-images columns-default is-cropped wp-block-gallery-3 is-layout-flex wp-block-gallery-is-layout-flex\">\n<figure class=\"wp-block-image size-large\"><img loading=\"lazy\" decoding=\"async\" width=\"1024\" height=\"768\" data-id=\"1665\" src=\"https:\/\/pavimentosps.com\/wp-content\/uploads\/2023\/02\/Impreso-1-1024x768.jpg\" alt=\"\" class=\"wp-image-1665\" srcset=\"https:\/\/pavimentosps.com\/wp-content\/uploads\/2023\/02\/Impreso-1-1024x768.jpg 1024w, https:\/\/pavimentosps.com\/wp-content\/uploads\/2023\/02\/Impreso-1-300x225.jpg 300w, https:\/\/pavimentosps.com\/wp-content\/uploads\/2023\/02\/Impreso-1-768x576.jpg 768w, https:\/\/pavimentosps.com\/wp-content\/uploads\/2023\/02\/Impreso-1-1536x1152.jpg 1536w, https:\/\/pavimentosps.com\/wp-content\/uploads\/2023\/02\/Impreso-1-2048x1536.jpg 2048w\" sizes=\"auto, (max-width: 1024px) 100vw, 1024px\" \/><figcaption class=\"wp-element-caption\">OLYMPUS DIGITAL CAMERA<\/figcaption><\/figure>\n\n\n\n<figure class=\"wp-block-image size-large\"><img loading=\"lazy\" decoding=\"async\" width=\"1024\" height=\"768\" data-id=\"1664\" src=\"https:\/\/pavimentosps.com\/wp-content\/uploads\/2023\/02\/Impreso-2-1024x768.jpg\" alt=\"\" class=\"wp-image-1664\" srcset=\"https:\/\/pavimentosps.com\/wp-content\/uploads\/2023\/02\/Impreso-2-1024x768.jpg 1024w, https:\/\/pavimentosps.com\/wp-content\/uploads\/2023\/02\/Impreso-2-300x225.jpg 300w, https:\/\/pavimentosps.com\/wp-content\/uploads\/2023\/02\/Impreso-2-768x576.jpg 768w, https:\/\/pavimentosps.com\/wp-content\/uploads\/2023\/02\/Impreso-2-1536x1152.jpg 1536w, https:\/\/pavimentosps.com\/wp-content\/uploads\/2023\/02\/Impreso-2.jpg 2048w\" sizes=\"auto, (max-width: 1024px) 100vw, 1024px\" \/><\/figure>\n\n\n\n<figure class=\"wp-block-image size-large\"><img loading=\"lazy\" decoding=\"async\" width=\"1024\" height=\"768\" data-id=\"1669\" src=\"https:\/\/pavimentosps.com\/wp-content\/uploads\/2023\/02\/Impreso-10-1024x768.jpg\" alt=\"\" class=\"wp-image-1669\" srcset=\"https:\/\/pavimentosps.com\/wp-content\/uploads\/2023\/02\/Impreso-10-1024x768.jpg 1024w, https:\/\/pavimentosps.com\/wp-content\/uploads\/2023\/02\/Impreso-10-300x225.jpg 300w, https:\/\/pavimentosps.com\/wp-content\/uploads\/2023\/02\/Impreso-10-768x576.jpg 768w, https:\/\/pavimentosps.com\/wp-content\/uploads\/2023\/02\/Impreso-10-1536x1152.jpg 1536w, https:\/\/pavimentosps.com\/wp-content\/uploads\/2023\/02\/Impreso-10.jpg 2048w\" sizes=\"auto, (max-width: 1024px) 100vw, 1024px\" \/><\/figure>\n\n\n\n<figure class=\"wp-block-image size-large\"><img loading=\"lazy\" decoding=\"async\" width=\"1024\" height=\"768\" data-id=\"1667\" src=\"https:\/\/pavimentosps.com\/wp-content\/uploads\/2023\/02\/Impreso-12-1024x768.jpg\" alt=\"\" class=\"wp-image-1667\" srcset=\"https:\/\/pavimentosps.com\/wp-content\/uploads\/2023\/02\/Impreso-12-1024x768.jpg 1024w, https:\/\/pavimentosps.com\/wp-content\/uploads\/2023\/02\/Impreso-12-300x225.jpg 300w, https:\/\/pavimentosps.com\/wp-content\/uploads\/2023\/02\/Impreso-12-768x576.jpg 768w, https:\/\/pavimentosps.com\/wp-content\/uploads\/2023\/02\/Impreso-12-1536x1152.jpg 1536w, https:\/\/pavimentosps.com\/wp-content\/uploads\/2023\/02\/Impreso-12-2048x1536.jpg 2048w\" sizes=\"auto, (max-width: 1024px) 100vw, 1024px\" \/><figcaption class=\"wp-element-caption\">OLYMPUS DIGITAL CAMERA<\/figcaption><\/figure>\n\n\n\n<figure class=\"wp-block-image size-large\"><img loading=\"lazy\" decoding=\"async\" width=\"1024\" height=\"768\" data-id=\"1668\" src=\"https:\/\/pavimentosps.com\/wp-content\/uploads\/2023\/02\/Impreso-16-1024x768.jpg\" alt=\"\" class=\"wp-image-1668\" srcset=\"https:\/\/pavimentosps.com\/wp-content\/uploads\/2023\/02\/Impreso-16-1024x768.jpg 1024w, https:\/\/pavimentosps.com\/wp-content\/uploads\/2023\/02\/Impreso-16-300x225.jpg 300w, https:\/\/pavimentosps.com\/wp-content\/uploads\/2023\/02\/Impreso-16-768x576.jpg 768w, https:\/\/pavimentosps.com\/wp-content\/uploads\/2023\/02\/Impreso-16-1536x1152.jpg 1536w, https:\/\/pavimentosps.com\/wp-content\/uploads\/2023\/02\/Impreso-16.jpg 2048w\" sizes=\"auto, (max-width: 1024px) 100vw, 1024px\" \/><\/figure>\n\n\n\n<figure class=\"wp-block-image size-large\"><img loading=\"lazy\" decoding=\"async\" width=\"1024\" height=\"768\" data-id=\"1666\" src=\"https:\/\/pavimentosps.com\/wp-content\/uploads\/2023\/02\/Impreso-27-1024x768.jpg\" alt=\"\" class=\"wp-image-1666\" srcset=\"https:\/\/pavimentosps.com\/wp-content\/uploads\/2023\/02\/Impreso-27-1024x768.jpg 1024w, https:\/\/pavimentosps.com\/wp-content\/uploads\/2023\/02\/Impreso-27-300x225.jpg 300w, https:\/\/pavimentosps.com\/wp-content\/uploads\/2023\/02\/Impreso-27-768x576.jpg 768w, https:\/\/pavimentosps.com\/wp-content\/uploads\/2023\/02\/Impreso-27-1536x1152.jpg 1536w, https:\/\/pavimentosps.com\/wp-content\/uploads\/2023\/02\/Impreso-27.jpg 2048w\" sizes=\"auto, (max-width: 1024px) 100vw, 1024px\" \/><\/figure>\n\n\n\n<figure class=\"wp-block-image size-large\"><img loading=\"lazy\" decoding=\"async\" width=\"1024\" height=\"768\" data-id=\"1671\" src=\"https:\/\/pavimentosps.com\/wp-content\/uploads\/2023\/02\/Impreso-74-1024x768.jpg\" alt=\"\" class=\"wp-image-1671\" srcset=\"https:\/\/pavimentosps.com\/wp-content\/uploads\/2023\/02\/Impreso-74-1024x768.jpg 1024w, https:\/\/pavimentosps.com\/wp-content\/uploads\/2023\/02\/Impreso-74-300x225.jpg 300w, https:\/\/pavimentosps.com\/wp-content\/uploads\/2023\/02\/Impreso-74-768x576.jpg 768w, https:\/\/pavimentosps.com\/wp-content\/uploads\/2023\/02\/Impreso-74.jpg 1280w\" sizes=\"auto, (max-width: 1024px) 100vw, 1024px\" \/><\/figure>\n\n\n\n<figure class=\"wp-block-image size-large\"><img loading=\"lazy\" decoding=\"async\" width=\"1024\" height=\"768\" data-id=\"1670\" src=\"https:\/\/pavimentosps.com\/wp-content\/uploads\/2023\/02\/Impreso-112-1024x768.jpg\" alt=\"\" class=\"wp-image-1670\" srcset=\"https:\/\/pavimentosps.com\/wp-content\/uploads\/2023\/02\/Impreso-112-1024x768.jpg 1024w, https:\/\/pavimentosps.com\/wp-content\/uploads\/2023\/02\/Impreso-112-300x225.jpg 300w, https:\/\/pavimentosps.com\/wp-content\/uploads\/2023\/02\/Impreso-112-768x576.jpg 768w, https:\/\/pavimentosps.com\/wp-content\/uploads\/2023\/02\/Impreso-112.jpg 1280w\" sizes=\"auto, (max-width: 1024px) 100vw, 1024px\" \/><\/figure>\n\n\n\n<figure class=\"wp-block-image size-large\"><img loading=\"lazy\" decoding=\"async\" width=\"1024\" height=\"768\" data-id=\"1676\" src=\"https:\/\/pavimentosps.com\/wp-content\/uploads\/2023\/02\/Impreso-119-1024x768.jpg\" alt=\"\" class=\"wp-image-1676\" srcset=\"https:\/\/pavimentosps.com\/wp-content\/uploads\/2023\/02\/Impreso-119-1024x768.jpg 1024w, https:\/\/pavimentosps.com\/wp-content\/uploads\/2023\/02\/Impreso-119-300x225.jpg 300w, https:\/\/pavimentosps.com\/wp-content\/uploads\/2023\/02\/Impreso-119-768x576.jpg 768w, https:\/\/pavimentosps.com\/wp-content\/uploads\/2023\/02\/Impreso-119-1536x1152.jpg 1536w, https:\/\/pavimentosps.com\/wp-content\/uploads\/2023\/02\/Impreso-119.jpg 2048w\" sizes=\"auto, (max-width: 1024px) 100vw, 1024px\" \/><\/figure>\n\n\n\n<figure class=\"wp-block-image size-large\"><img loading=\"lazy\" decoding=\"async\" width=\"1024\" height=\"768\" data-id=\"1673\" src=\"https:\/\/pavimentosps.com\/wp-content\/uploads\/2023\/02\/Impreso-129-1024x768.jpg\" alt=\"\" class=\"wp-image-1673\" srcset=\"https:\/\/pavimentosps.com\/wp-content\/uploads\/2023\/02\/Impreso-129-1024x768.jpg 1024w, https:\/\/pavimentosps.com\/wp-content\/uploads\/2023\/02\/Impreso-129-300x225.jpg 300w, https:\/\/pavimentosps.com\/wp-content\/uploads\/2023\/02\/Impreso-129-768x576.jpg 768w, https:\/\/pavimentosps.com\/wp-content\/uploads\/2023\/02\/Impreso-129-1536x1152.jpg 1536w, https:\/\/pavimentosps.com\/wp-content\/uploads\/2023\/02\/Impreso-129.jpg 2048w\" sizes=\"auto, (max-width: 1024px) 100vw, 1024px\" \/><\/figure>\n\n\n\n<figure class=\"wp-block-image size-large\"><img loading=\"lazy\" decoding=\"async\" width=\"1024\" height=\"768\" data-id=\"1675\" src=\"https:\/\/pavimentosps.com\/wp-content\/uploads\/2023\/02\/Impreso-136-1024x768.jpg\" alt=\"\" class=\"wp-image-1675\" srcset=\"https:\/\/pavimentosps.com\/wp-content\/uploads\/2023\/02\/Impreso-136-1024x768.jpg 1024w, https:\/\/pavimentosps.com\/wp-content\/uploads\/2023\/02\/Impreso-136-300x225.jpg 300w, https:\/\/pavimentosps.com\/wp-content\/uploads\/2023\/02\/Impreso-136-768x576.jpg 768w, https:\/\/pavimentosps.com\/wp-content\/uploads\/2023\/02\/Impreso-136-1536x1152.jpg 1536w, https:\/\/pavimentosps.com\/wp-content\/uploads\/2023\/02\/Impreso-136.jpg 2048w\" sizes=\"auto, (max-width: 1024px) 100vw, 1024px\" \/><\/figure>\n\n\n\n<figure class=\"wp-block-image size-large\"><img loading=\"lazy\" decoding=\"async\" width=\"1024\" height=\"768\" data-id=\"1677\" src=\"https:\/\/pavimentosps.com\/wp-content\/uploads\/2023\/02\/Impreso-139-1024x768.jpg\" alt=\"\" class=\"wp-image-1677\" srcset=\"https:\/\/pavimentosps.com\/wp-content\/uploads\/2023\/02\/Impreso-139-1024x768.jpg 1024w, https:\/\/pavimentosps.com\/wp-content\/uploads\/2023\/02\/Impreso-139-300x225.jpg 300w, https:\/\/pavimentosps.com\/wp-content\/uploads\/2023\/02\/Impreso-139-768x576.jpg 768w, https:\/\/pavimentosps.com\/wp-content\/uploads\/2023\/02\/Impreso-139-1536x1152.jpg 1536w, https:\/\/pavimentosps.com\/wp-content\/uploads\/2023\/02\/Impreso-139.jpg 2048w\" sizes=\"auto, (max-width: 1024px) 100vw, 1024px\" \/><\/figure>\n\n\n\n<figure class=\"wp-block-image size-large\"><img loading=\"lazy\" decoding=\"async\" width=\"1024\" height=\"768\" data-id=\"1674\" src=\"https:\/\/pavimentosps.com\/wp-content\/uploads\/2023\/02\/Impreso-213-1024x768.jpg\" alt=\"\" class=\"wp-image-1674\" srcset=\"https:\/\/pavimentosps.com\/wp-content\/uploads\/2023\/02\/Impreso-213-1024x768.jpg 1024w, https:\/\/pavimentosps.com\/wp-content\/uploads\/2023\/02\/Impreso-213-300x225.jpg 300w, https:\/\/pavimentosps.com\/wp-content\/uploads\/2023\/02\/Impreso-213-768x576.jpg 768w, https:\/\/pavimentosps.com\/wp-content\/uploads\/2023\/02\/Impreso-213-1536x1152.jpg 1536w, https:\/\/pavimentosps.com\/wp-content\/uploads\/2023\/02\/Impreso-213.jpg 2048w\" sizes=\"auto, (max-width: 1024px) 100vw, 1024px\" \/><\/figure>\n<\/figure>\n","protected":false},"excerpt":{"rendered":"<p>Pr\u00e1ctico y elegante:La instalaci\u00f3n del hormig\u00f3n impreso no tiene ninguna limitaci\u00f3n, desde una peque\u00f1a entrada al chalet, hasta grandes superficies,como centros comerciales o urbanizaciones. Le ofrecemos garant\u00eda y calidad a &#8230;<\/p>\n","protected":false},"author":1,"featured_media":0,"parent":0,"menu_order":0,"comment_status":"closed","ping_status":"closed","template":"template-fullwidth.php","meta":{"_joinchat":[],"footnotes":""},"class_list":["post-21","page","type-page","status-publish","hentry"],"_links":{"self":[{"href":"https:\/\/pavimentosps.com\/index.php\/wp-json\/wp\/v2\/pages\/21","targetHints":{"allow":["GET"]}}],"collection":[{"href":"https:\/\/pavimentosps.com\/index.php\/wp-json\/wp\/v2\/pages"}],"about":[{"href":"https:\/\/pavimentosps.com\/index.php\/wp-json\/wp\/v2\/types\/page"}],"author":[{"embeddable":true,"href":"https:\/\/pavimentosps.com\/index.php\/wp-json\/wp\/v2\/users\/1"}],"replies":[{"embeddable":true,"href":"https:\/\/pavimentosps.com\/index.php\/wp-json\/wp\/v2\/comments?post=21"}],"version-history":[{"count":7,"href":"https:\/\/pavimentosps.com\/index.php\/wp-json\/wp\/v2\/pages\/21\/revisions"}],"predecessor-version":[{"id":1716,"href":"https:\/\/pavimentosps.com\/index.php\/wp-json\/wp\/v2\/pages\/21\/revisions\/1716"}],"wp:attachment":[{"href":"https:\/\/pavimentosps.com\/index.php\/wp-json\/wp\/v2\/media?parent=21"}],"curies":[{"name":"wp","href":"https:\/\/api.w.org\/{rel}","templated":true}]}}