{"id":23,"date":"2022-12-05T16:42:13","date_gmt":"2022-12-05T16:42:13","guid":{"rendered":"https:\/\/pavimentosps.com\/?page_id=23"},"modified":"2023-02-06T13:04:35","modified_gmt":"2023-02-06T12:04:35","slug":"hormigon-fratasado","status":"publish","type":"page","link":"https:\/\/pavimentosps.com\/index.php\/hormigon-fratasado\/","title":{"rendered":"Hormig\u00f3n fratasado"},"content":{"rendered":"\n<p>El hormig\u00f3n fratasado es el sistema tradicional por excelencia de Pavimentaci\u00f3n industrial.<br>Su realizaci\u00f3n en tres fases, tales como vertido y extendido del hormig\u00f3n, dotaci\u00f3n de los materiales necesarios como cemento, cuarzo, y en ocasiones corind\u00f3n, coloreado o acabado en gris natural, y por \u00faltimo la aplicaci\u00f3n de la maquinaria especializada, que nos da la obtenci\u00f3n de una superficie uniforme, resistente, lisa y duradera.<\/p>\n\n\n\n<p><br>Posee una gran resistencia y, con un alto poder a la abrasi\u00f3n mec\u00e1nica, es la soluci\u00f3n perfecta para tr\u00e1nsito industrial y la renovaci\u00f3n de suelos en mal estado, mediante recrecidos con puentes de imprimaci\u00f3n. Su terminado se puede realizar<br>directamente en colores minerales, aplicados sobre la capa de rodadura.<\/p>\n\n\n\n<p><br>Gracias a su rugosidad nos permite obtener un acabado antideslizante, por lo que puede ser utilizado en zonas de pendiente.<br>Este sistema se utiliza tanto en interiores: viviendas, garajes, naves, como en exteriores: patios, pistas, pasillos exteriores de naves\u2026 Este mismo pavimento puede tener diferentes acabados, seg\u00fan el n\u00famero de pasadas con dicha maquinaria.<\/p>\n\n\n\n<p><\/p>\n\n\n\n<figure class=\"wp-block-gallery has-nested-images columns-default is-cropped wp-block-gallery-1 is-layout-flex wp-block-gallery-is-layout-flex\">\n<figure class=\"wp-block-image size-large\"><img loading=\"lazy\" decoding=\"async\" width=\"1024\" height=\"768\" data-id=\"1687\" src=\"https:\/\/pavimentosps.com\/wp-content\/uploads\/2023\/02\/FRATASADO-TABLADAIMG_1480-1-1024x768.jpg\" alt=\"\" class=\"wp-image-1687\" srcset=\"https:\/\/pavimentosps.com\/wp-content\/uploads\/2023\/02\/FRATASADO-TABLADAIMG_1480-1-1024x768.jpg 1024w, https:\/\/pavimentosps.com\/wp-content\/uploads\/2023\/02\/FRATASADO-TABLADAIMG_1480-1-300x225.jpg 300w, https:\/\/pavimentosps.com\/wp-content\/uploads\/2023\/02\/FRATASADO-TABLADAIMG_1480-1-768x576.jpg 768w, https:\/\/pavimentosps.com\/wp-content\/uploads\/2023\/02\/FRATASADO-TABLADAIMG_1480-1-1536x1152.jpg 1536w, https:\/\/pavimentosps.com\/wp-content\/uploads\/2023\/02\/FRATASADO-TABLADAIMG_1480-1-2048x1536.jpg 2048w\" sizes=\"auto, (max-width: 1024px) 100vw, 1024px\" \/><\/figure>\n\n\n\n<figure class=\"wp-block-image size-large\"><img loading=\"lazy\" decoding=\"async\" width=\"765\" height=\"1024\" data-id=\"1688\" src=\"https:\/\/pavimentosps.com\/wp-content\/uploads\/2023\/02\/COSTCO-FRATASADO-765x1024.jpg\" alt=\"\" class=\"wp-image-1688\" srcset=\"https:\/\/pavimentosps.com\/wp-content\/uploads\/2023\/02\/COSTCO-FRATASADO-765x1024.jpg 765w, https:\/\/pavimentosps.com\/wp-content\/uploads\/2023\/02\/COSTCO-FRATASADO-224x300.jpg 224w, https:\/\/pavimentosps.com\/wp-content\/uploads\/2023\/02\/COSTCO-FRATASADO-768x1028.jpg 768w, https:\/\/pavimentosps.com\/wp-content\/uploads\/2023\/02\/COSTCO-FRATASADO.jpg 968w\" sizes=\"auto, (max-width: 765px) 100vw, 765px\" \/><\/figure>\n<\/figure>\n\n\n\n<figure class=\"wp-block-image size-full\"><img loading=\"lazy\" decoding=\"async\" width=\"576\" height=\"315\" src=\"https:\/\/pavimentosps.com\/wp-content\/uploads\/2023\/01\/ft.png\" alt=\"\" class=\"wp-image-1593\" srcset=\"https:\/\/pavimentosps.com\/wp-content\/uploads\/2023\/01\/ft.png 576w, https:\/\/pavimentosps.com\/wp-content\/uploads\/2023\/01\/ft-300x164.png 300w\" sizes=\"auto, (max-width: 576px) 100vw, 576px\" \/><\/figure>\n","protected":false},"excerpt":{"rendered":"<p>El hormig\u00f3n fratasado es el sistema tradicional por excelencia de Pavimentaci\u00f3n industrial.Su realizaci\u00f3n en tres fases, tales como vertido y extendido del hormig\u00f3n, dotaci\u00f3n de los materiales necesarios como cemento, &#8230;<\/p>\n","protected":false},"author":1,"featured_media":0,"parent":0,"menu_order":0,"comment_status":"closed","ping_status":"closed","template":"template-fullwidth.php","meta":{"_joinchat":[],"footnotes":""},"class_list":["post-23","page","type-page","status-publish","hentry"],"_links":{"self":[{"href":"https:\/\/pavimentosps.com\/index.php\/wp-json\/wp\/v2\/pages\/23","targetHints":{"allow":["GET"]}}],"collection":[{"href":"https:\/\/pavimentosps.com\/index.php\/wp-json\/wp\/v2\/pages"}],"about":[{"href":"https:\/\/pavimentosps.com\/index.php\/wp-json\/wp\/v2\/types\/page"}],"author":[{"embeddable":true,"href":"https:\/\/pavimentosps.com\/index.php\/wp-json\/wp\/v2\/users\/1"}],"replies":[{"embeddable":true,"href":"https:\/\/pavimentosps.com\/index.php\/wp-json\/wp\/v2\/comments?post=23"}],"version-history":[{"count":5,"href":"https:\/\/pavimentosps.com\/index.php\/wp-json\/wp\/v2\/pages\/23\/revisions"}],"predecessor-version":[{"id":1690,"href":"https:\/\/pavimentosps.com\/index.php\/wp-json\/wp\/v2\/pages\/23\/revisions\/1690"}],"wp:attachment":[{"href":"https:\/\/pavimentosps.com\/index.php\/wp-json\/wp\/v2\/media?parent=23"}],"curies":[{"name":"wp","href":"https:\/\/api.w.org\/{rel}","templated":true}]}}