{"id":25,"date":"2022-12-05T16:42:26","date_gmt":"2022-12-05T16:42:26","guid":{"rendered":"https:\/\/pavimentosps.com\/?page_id=25"},"modified":"2023-02-06T13:02:05","modified_gmt":"2023-02-06T12:02:05","slug":"hormigon-cepillado","status":"publish","type":"page","link":"https:\/\/pavimentosps.com\/index.php\/hormigon-cepillado\/","title":{"rendered":"Hormig\u00f3n cepillado"},"content":{"rendered":"\n<figure class=\"wp-block-image size-full\"><img loading=\"lazy\" decoding=\"async\" width=\"565\" height=\"424\" src=\"https:\/\/pavimentosps.com\/wp-content\/uploads\/2023\/02\/hormigon-barrido.jpg\" alt=\"\" class=\"wp-image-1684\" srcset=\"https:\/\/pavimentosps.com\/wp-content\/uploads\/2023\/02\/hormigon-barrido.jpg 565w, https:\/\/pavimentosps.com\/wp-content\/uploads\/2023\/02\/hormigon-barrido-300x225.jpg 300w\" sizes=\"auto, (max-width: 565px) 100vw, 565px\" \/><\/figure>\n\n\n\n<p>Pavimento de gran resistencia al desgaste y que proporciona un grado de resbaladicidad muy alto. Se utiliza en muelles y zonas industriales de carga y descarga con tr\u00e1nsito y pendientes medias para evitar deslizamientos por accidente de carretillas y\/o tr\u00e1fico pesado. Se utiliza tambi\u00e9n en entradas a garajes. Se obtiene tras el cepillado con escoba de carretero en mayor o menor grado sobre un pavimento fratasado y con incorporaci\u00f3n de capa de rodadura en fresco. El personal encargado en su ejecuci\u00f3n debe estar muy cualificado para obtener un cepillado uniforme y sin costuras.<\/p>\n\n\n\n<p>Un motivo es su bajo costo. Adem\u00e1s el cepillado aumenta la fricci\u00f3n y seguridad de la superficie. Despu\u00e9s del cepillado la superficie queda con un dibujo tipo \u00abcotel\u00e9\u00bb el que proporciona canales para que el agua se desplace bajo las ruedas de los veh\u00edculos y las pisadas de los peatones.<\/p>\n\n\n\n<p><strong>GALER\u00cdA DE FOTOS<\/strong><\/p>\n\n\n\n<figure class=\"wp-block-image size-large\"><img loading=\"lazy\" decoding=\"async\" width=\"1024\" height=\"768\" src=\"https:\/\/pavimentosps.com\/wp-content\/uploads\/2023\/02\/hormigon-rallado-cepillado1-1-1030x772-1-1024x768.jpg\" alt=\"\" class=\"wp-image-1683\" srcset=\"https:\/\/pavimentosps.com\/wp-content\/uploads\/2023\/02\/hormigon-rallado-cepillado1-1-1030x772-1-1024x768.jpg 1024w, https:\/\/pavimentosps.com\/wp-content\/uploads\/2023\/02\/hormigon-rallado-cepillado1-1-1030x772-1-300x225.jpg 300w, https:\/\/pavimentosps.com\/wp-content\/uploads\/2023\/02\/hormigon-rallado-cepillado1-1-1030x772-1-768x576.jpg 768w, https:\/\/pavimentosps.com\/wp-content\/uploads\/2023\/02\/hormigon-rallado-cepillado1-1-1030x772-1.jpg 1030w\" sizes=\"auto, (max-width: 1024px) 100vw, 1024px\" \/><\/figure>\n\n\n\n<figure class=\"wp-block-image size-large\"><img loading=\"lazy\" decoding=\"async\" width=\"765\" height=\"1024\" src=\"https:\/\/pavimentosps.com\/wp-content\/uploads\/2023\/02\/image-1-765x1024.jpeg\" alt=\"\" class=\"wp-image-1682\" srcset=\"https:\/\/pavimentosps.com\/wp-content\/uploads\/2023\/02\/image-1-765x1024.jpeg 765w, https:\/\/pavimentosps.com\/wp-content\/uploads\/2023\/02\/image-1-224x300.jpeg 224w, https:\/\/pavimentosps.com\/wp-content\/uploads\/2023\/02\/image-1-768x1028.jpeg 768w, https:\/\/pavimentosps.com\/wp-content\/uploads\/2023\/02\/image-1-1147x1536.jpeg 1147w, https:\/\/pavimentosps.com\/wp-content\/uploads\/2023\/02\/image-1-1530x2048.jpeg 1530w, https:\/\/pavimentosps.com\/wp-content\/uploads\/2023\/02\/image-1-scaled.jpeg 1912w\" sizes=\"auto, (max-width: 765px) 100vw, 765px\" \/><\/figure>\n\n\n\n<p><\/p>\n\n\n\n<p><\/p>\n","protected":false},"excerpt":{"rendered":"<p>Pavimento de gran resistencia al desgaste y que proporciona un grado de resbaladicidad muy alto. Se utiliza en muelles y zonas industriales de carga y descarga con tr\u00e1nsito y pendientes &#8230;<\/p>\n","protected":false},"author":1,"featured_media":0,"parent":0,"menu_order":0,"comment_status":"closed","ping_status":"closed","template":"template-fullwidth.php","meta":{"_joinchat":[],"footnotes":""},"class_list":["post-25","page","type-page","status-publish","hentry"],"_links":{"self":[{"href":"https:\/\/pavimentosps.com\/index.php\/wp-json\/wp\/v2\/pages\/25","targetHints":{"allow":["GET"]}}],"collection":[{"href":"https:\/\/pavimentosps.com\/index.php\/wp-json\/wp\/v2\/pages"}],"about":[{"href":"https:\/\/pavimentosps.com\/index.php\/wp-json\/wp\/v2\/types\/page"}],"author":[{"embeddable":true,"href":"https:\/\/pavimentosps.com\/index.php\/wp-json\/wp\/v2\/users\/1"}],"replies":[{"embeddable":true,"href":"https:\/\/pavimentosps.com\/index.php\/wp-json\/wp\/v2\/comments?post=25"}],"version-history":[{"count":6,"href":"https:\/\/pavimentosps.com\/index.php\/wp-json\/wp\/v2\/pages\/25\/revisions"}],"predecessor-version":[{"id":1685,"href":"https:\/\/pavimentosps.com\/index.php\/wp-json\/wp\/v2\/pages\/25\/revisions\/1685"}],"wp:attachment":[{"href":"https:\/\/pavimentosps.com\/index.php\/wp-json\/wp\/v2\/media?parent=25"}],"curies":[{"name":"wp","href":"https:\/\/api.w.org\/{rel}","templated":true}]}}