{"id":29,"date":"2022-12-05T16:43:07","date_gmt":"2022-12-05T16:43:07","guid":{"rendered":"https:\/\/pavimentosps.com\/?page_id=29"},"modified":"2023-02-06T12:43:57","modified_gmt":"2023-02-06T11:43:57","slug":"autonivelante","status":"publish","type":"page","link":"https:\/\/pavimentosps.com\/index.php\/autonivelante\/","title":{"rendered":"Autonivelante"},"content":{"rendered":"\n<p>En funci\u00f3n de las resistencias mec\u00e1nicas y qu\u00edmicas que debe de soportar el pavimento, ofrecemos 4 soluciones:<\/p>\n\n\n\n<p><strong>1. <u>Pavimentos industriales de m\u00e1xima resistencia a la abrasi\u00f3n, tanto en interiores como exteriores<\/u><\/strong><\/p>\n\n\n\n<p>Las prestaciones mec\u00e1nicas ser\u00e1n las m\u00e1s exigentes, buscando un acabado est\u00e9tico mineral y cementoso.<\/p>\n\n\n\n<p>Para una puesta en servicio inmediata, sin la necesidad de tener que recubrir el pavimento con un revestimiento de epoxi o poliuretano de color: mortero autonivelante polim\u00e9rico de alta resistencia a la abrasi\u00f3n.<\/p>\n\n\n\n<p>-Ahorro significativo en los tiempos de puesta en servicio al ser un producto bombeable, autonivelante de secado r\u00e1pido, y que no hace falta revestir.<\/p>\n\n\n\n<p>&#8211; Un acabado de gran resistencia a la abrasi\u00f3n por su alto contenido de corind\u00f3n.<\/p>\n\n\n\n<p>&#8211; Resistencia a la compresi\u00f3n superior a 35MPa.<\/p>\n\n\n\n<p>&#8211; Resistencia a la abrasi\u00f3n seg\u00fan UNE-EN 13892-3: 3,9 cm<img loading=\"lazy\" decoding=\"async\" width=\"5\" height=\"18\" src=\"\">&nbsp;\/50 cm\u00b2.<\/p>\n\n\n\n<p>-Se bombea en espesores de 5 a 15 mm.<\/p>\n\n\n\n<p><strong>2. <u>Aparcamientos en el interior.<\/u><\/strong><\/p>\n\n\n\n<p>La protecci\u00f3n de la estructura de hormig\u00f3n contra la abrasi\u00f3n mec\u00e1nica y agentes qu\u00edmicos, aceites y \u00e1cidos, es el requisito principal en los aparcamientos interiores.<\/p>\n\n\n\n<p>Para renovaciones de aparcamientos comprometidas cuando el sustrato original est\u00e1 muy deteriorado: mortero autonivelante polim\u00e9rico armado de fibra de vidrio.<\/p>\n\n\n\n<p>Su alto contenido de fibra de vidrio y su composici\u00f3n polim\u00e9rica, lo convierten en la soluci\u00f3n con mayor resistencia a la flexotracci\u00f3n y fisuraci\u00f3n. El pavimento final debe ser revestido con un recubrimiento de poliuretano o epoxi.<\/p>\n\n\n\n<p>-Ahorro significativo en los tiempos de puesta en servicio al ser un producto bombeable, autonivelante y de secado r\u00e1pido.<\/p>\n\n\n\n<p>&#8211; Revestible con poliuretano o epoxi en 24 horas.<\/p>\n\n\n\n<p>&#8211; Un acabado de gran resistencia a la flexotracci\u00f3n y fisuraci\u00f3n.<\/p>\n\n\n\n<p>&#8211; Permite renovar peque\u00f1os desniveles.<\/p>\n\n\n\n<p>&#8211; Se bombea en espesores de 5 a 30 mm.<\/p>\n\n\n\n<p>&#8211; Resistencia a la compresi\u00f3n superior a 35Mpa.<\/p>\n\n\n\n<p>&#8211; Resistencia a la abrasi\u00f3n seg\u00fan UNE-EN 13892-: 4,3 cm\u00b3 \/50 cm\u00b2<\/p>\n\n\n\n<p><strong>3. <u>Para renovaciones de industrias y garajes que requieran un acabado fino de gran planimetr\u00eda<\/u>.<\/strong><\/p>\n\n\n\n<p>Mortero autonivelante de alta planimetr\u00eda. El pavimento final debe ser revestido con poliuretano o epoxi.<\/p>\n\n\n\n<p>&#8211; Ahorro significativo en los tiempos de puesta en servicio al ser un producto bombeable autonivelante y de secado r\u00e1pido.<\/p>\n\n\n\n<p>&#8211; Revestible con epoxi o poliuretano en 24 horas.<\/p>\n\n\n\n<p>-Un acabado fino y de gran planimetr\u00eda.<\/p>\n\n\n\n<p>&#8211; Soluci\u00f3n competitiva.<\/p>\n\n\n\n<p>&#8211; Se bombea en espesores de 5 a 15 mm.<\/p>\n\n\n\n<p>&#8211; Resistencia a la compresi\u00f3n superior a 35 MPa.<\/p>\n\n\n\n<p>&#8211; Resistencia a la abrasi\u00f3n seg\u00fan UNE-EN 13892-3:5,9 cm\u00b3 \/50cm\u00b2.<\/p>\n\n\n\n<p><strong>4.<\/strong> <strong><u>Renovaci\u00f3n de pavimentos urbanos: losas y prefabricados de hormig\u00f3n<\/u><\/strong><\/p>\n\n\n\n<p>Para renovar y decorar el hormig\u00f3n y sus prefabricados en espesores entre 10 y 15 mm. , aportando al hormig\u00f3n una resistencia superior; a los 30Mpa.<\/p>\n\n\n\n<p>El hormig\u00f3n y los prefabricados de hormig\u00f3n son soluciones muy utilizadas en los pavimentos urbanos por su r\u00e1pida aplicaci\u00f3n, sus posibilidades de acabado y su alta competitividad.<\/p>\n\n\n\n<p>Sin embargo, existen pocas opciones a la hora de renovar estos pavimentos sin tenerlos que levantar total o parcialmente y desescombrar grandes cantidades de hormig\u00f3n, implicando una labor tediosa, larga y de un coste considerable.<\/p>\n\n\n\n<p>PS presenta un mortero reparador y decorador del hormig\u00f3n y sus derivados, que permite renovar y decorar en tan s\u00f3lo 10-15mm sin levantar la antigua osa de hormig\u00f3n.<\/p>\n\n\n\n<p>Es un mortero de recrecido coloreado innovador para conseguir todo tipo de acabados impresos, pensado para dar respuesta a multitud de situaciones habituales en entornos urbanos; la renovaci\u00f3n de antiguas baldosas en aceras, reparaci\u00f3n de pavimentos de hormig\u00f3n impresos deteriorados y, en general, la reparaci\u00f3n y decoraci\u00f3n de superficies de hormig\u00f3n, ofreciendo una respuesta en bajo espesor, diferenciadora, segura y de calidad.<\/p>\n\n\n\n<p><\/p>\n\n\n\n<p><\/p>\n\n\n\n<figure class=\"wp-block-gallery has-nested-images columns-default is-cropped wp-block-gallery-1 is-layout-flex wp-block-gallery-is-layout-flex\">\n<figure class=\"wp-block-image size-large\"><img loading=\"lazy\" decoding=\"async\" width=\"800\" height=\"400\" data-id=\"1651\" src=\"https:\/\/pavimentosps.com\/wp-content\/uploads\/2023\/02\/aplicacion-mortero-autonivelante-javeamicriciment_01.jpg\" alt=\"\" class=\"wp-image-1651\" srcset=\"https:\/\/pavimentosps.com\/wp-content\/uploads\/2023\/02\/aplicacion-mortero-autonivelante-javeamicriciment_01.jpg 800w, https:\/\/pavimentosps.com\/wp-content\/uploads\/2023\/02\/aplicacion-mortero-autonivelante-javeamicriciment_01-300x150.jpg 300w, https:\/\/pavimentosps.com\/wp-content\/uploads\/2023\/02\/aplicacion-mortero-autonivelante-javeamicriciment_01-768x384.jpg 768w\" sizes=\"auto, (max-width: 800px) 100vw, 800px\" \/><\/figure>\n<\/figure>\n","protected":false},"excerpt":{"rendered":"<p>En funci\u00f3n de las resistencias mec\u00e1nicas y qu\u00edmicas que debe de soportar el pavimento, ofrecemos 4 soluciones: 1. Pavimentos industriales de m\u00e1xima resistencia a la abrasi\u00f3n, tanto en interiores como &#8230;<\/p>\n","protected":false},"author":1,"featured_media":0,"parent":0,"menu_order":0,"comment_status":"closed","ping_status":"closed","template":"template-fullwidth.php","meta":{"_joinchat":[],"footnotes":""},"class_list":["post-29","page","type-page","status-publish","hentry"],"_links":{"self":[{"href":"https:\/\/pavimentosps.com\/index.php\/wp-json\/wp\/v2\/pages\/29","targetHints":{"allow":["GET"]}}],"collection":[{"href":"https:\/\/pavimentosps.com\/index.php\/wp-json\/wp\/v2\/pages"}],"about":[{"href":"https:\/\/pavimentosps.com\/index.php\/wp-json\/wp\/v2\/types\/page"}],"author":[{"embeddable":true,"href":"https:\/\/pavimentosps.com\/index.php\/wp-json\/wp\/v2\/users\/1"}],"replies":[{"embeddable":true,"href":"https:\/\/pavimentosps.com\/index.php\/wp-json\/wp\/v2\/comments?post=29"}],"version-history":[{"count":7,"href":"https:\/\/pavimentosps.com\/index.php\/wp-json\/wp\/v2\/pages\/29\/revisions"}],"predecessor-version":[{"id":1658,"href":"https:\/\/pavimentosps.com\/index.php\/wp-json\/wp\/v2\/pages\/29\/revisions\/1658"}],"wp:attachment":[{"href":"https:\/\/pavimentosps.com\/index.php\/wp-json\/wp\/v2\/media?parent=29"}],"curies":[{"name":"wp","href":"https:\/\/api.w.org\/{rel}","templated":true}]}}